{"id":12427,"date":"2020-04-13T07:41:13","date_gmt":"2020-04-13T11:41:13","guid":{"rendered":"https:\/\/yomega.com\/yomaga-yoyos\/"},"modified":"2020-04-13T08:36:08","modified_gmt":"2020-04-13T12:36:08","slug":"yomaga-yoyos","status":"publish","type":"page","link":"https:\/\/yomega.com\/de\/yomaga-yoyos\/","title":{"rendered":"Yomaga YOYOS"},"content":{"rendered":"\t\t<div data-elementor-type=\"wp-post\" data-elementor-id=\"12427\" class=\"elementor elementor-12427 elementor-10077\" data-elementor-post-type=\"page\">\n\t\t\t\t\t\t<section class=\"elementor-section elementor-top-section elementor-element elementor-element-1305750d elementor-section-content-middle elementor-section-boxed elementor-section-height-default elementor-section-height-default\" data-id=\"1305750d\" data-element_type=\"section\" data-e-type=\"section\">\n\t\t\t\t\t\t<div class=\"elementor-container elementor-column-gap-no\">\n\t\t\t\t\t<div class=\"elementor-column elementor-col-100 elementor-top-column elementor-element elementor-element-5326da\" data-id=\"5326da\" data-element_type=\"column\" data-e-type=\"column\">\n\t\t\t<div class=\"elementor-widget-wrap elementor-element-populated\">\n\t\t\t\t\t\t<div class=\"elementor-element elementor-element-67e44481 elementor-widget elementor-widget-heading\" data-id=\"67e44481\" data-element_type=\"widget\" data-e-type=\"widget\" data-widget_type=\"heading.default\">\n\t\t\t\t<div class=\"elementor-widget-container\">\n\t\t\t\t\t<h1 class=\"elementor-heading-title elementor-size-default\">Yomega's YOYOS<\/h1>\t\t\t\t<\/div>\n\t\t\t\t<\/div>\n\t\t\t\t<section class=\"elementor-section elementor-inner-section elementor-element elementor-element-655d43b8 elementor-section-content-middle elementor-section-boxed elementor-section-height-default elementor-section-height-default\" data-id=\"655d43b8\" data-element_type=\"section\" data-e-type=\"section\">\n\t\t\t\t\t\t<div class=\"elementor-container elementor-column-gap-no\">\n\t\t\t\t\t<div class=\"elementor-column elementor-col-50 elementor-inner-column elementor-element elementor-element-2c50b550\" data-id=\"2c50b550\" data-element_type=\"column\" data-e-type=\"column\" data-settings=\"{&quot;background_background&quot;:&quot;classic&quot;}\">\n\t\t\t<div class=\"elementor-widget-wrap elementor-element-populated\">\n\t\t\t\t\t\t<div class=\"elementor-element elementor-element-5a9ba150 elementor-position-top elementor-widget elementor-widget-image-box\" data-id=\"5a9ba150\" data-element_type=\"widget\" data-e-type=\"widget\" data-widget_type=\"image-box.default\">\n\t\t\t\t<div class=\"elementor-widget-container\">\n\t\t\t\t\t<div class=\"elementor-image-box-wrapper\"><figure class=\"elementor-image-box-img\"><a href=\"\/?page_id=10082\" tabindex=\"-1\"><img fetchpriority=\"high\" decoding=\"async\" width=\"500\" height=\"500\" src=\"https:\/\/yomega.com\/wp-content\/uploads\/2013\/09\/level_icons-04-04.jpg\" class=\"elementor-animation-grow attachment-full size-full wp-image-12151\" alt=\"\" srcset=\"https:\/\/yomega.com\/wp-content\/uploads\/2013\/09\/level_icons-04-04.jpg 500w, https:\/\/yomega.com\/wp-content\/uploads\/2013\/09\/level_icons-04-04-150x150.jpg 150w, https:\/\/yomega.com\/wp-content\/uploads\/2013\/09\/level_icons-04-04-300x300.jpg 300w, https:\/\/yomega.com\/wp-content\/uploads\/2013\/09\/level_icons-04-04-250x250.jpg 250w, https:\/\/yomega.com\/wp-content\/uploads\/2013\/09\/level_icons-04-04-174x174.jpg 174w\" sizes=\"(max-width: 500px) 100vw, 500px\" \/><\/a><\/figure><div class=\"elementor-image-box-content\"><h3 class=\"elementor-image-box-title\"><a href=\"\/?page_id=10082\">Level 1 Yoyos<\/a><\/h3><p class=\"elementor-image-box-description\">F\u00fcr Anf\u00e4nger machen Yoyos der Stufe 1 das Lernen und Spielen leicht. Mit Yomega \"yoyo mit einem brain\" einer innovativen Technologie, werden die Kinder schnell die Grundlagen lernen. \"Gassi gehen\" und \"Das Baby schaukeln\" sind einfacher denn je!<\/p><\/div><\/div>\t\t\t\t<\/div>\n\t\t\t\t<\/div>\n\t\t\t\t<div class=\"elementor-element elementor-element-3e06fa20 elementor-align-center elementor-widget elementor-widget-button\" data-id=\"3e06fa20\" data-element_type=\"widget\" data-e-type=\"widget\" data-widget_type=\"button.default\">\n\t\t\t\t<div class=\"elementor-widget-container\">\n\t\t\t\t\t\t\t\t\t<div class=\"elementor-button-wrapper\">\n\t\t\t\t\t<a class=\"elementor-button elementor-button-link elementor-size-sm\" href=\"\/?page_id=10082\">\n\t\t\t\t\t\t<span class=\"elementor-button-content-wrapper\">\n\t\t\t\t\t\t\t\t\t<span class=\"elementor-button-text\">Check the collection out HERE!<\/span>\n\t\t\t\t\t<\/span>\n\t\t\t\t\t<\/a>\n\t\t\t\t<\/div>\n\t\t\t\t\t\t\t\t<\/div>\n\t\t\t\t<\/div>\n\t\t\t\t\t<\/div>\n\t\t<\/div>\n\t\t\t\t<div class=\"elementor-column elementor-col-50 elementor-inner-column elementor-element elementor-element-617b2ee1\" data-id=\"617b2ee1\" data-element_type=\"column\" data-e-type=\"column\" data-settings=\"{&quot;background_background&quot;:&quot;classic&quot;}\">\n\t\t\t<div class=\"elementor-widget-wrap elementor-element-populated\">\n\t\t\t\t\t\t<div class=\"elementor-element elementor-element-5a883baa elementor-position-top elementor-widget elementor-widget-image-box\" data-id=\"5a883baa\" data-element_type=\"widget\" data-e-type=\"widget\" data-widget_type=\"image-box.default\">\n\t\t\t\t<div class=\"elementor-widget-container\">\n\t\t\t\t\t<div class=\"elementor-image-box-wrapper\"><figure class=\"elementor-image-box-img\"><a href=\"\/?page_id=10241\" tabindex=\"-1\"><img decoding=\"async\" width=\"500\" height=\"500\" src=\"https:\/\/yomega.com\/wp-content\/uploads\/2013\/09\/level_icons-02-2.jpg\" class=\"elementor-animation-grow attachment-full size-full wp-image-12154\" alt=\"\" srcset=\"https:\/\/yomega.com\/wp-content\/uploads\/2013\/09\/level_icons-02-2.jpg 500w, https:\/\/yomega.com\/wp-content\/uploads\/2013\/09\/level_icons-02-2-150x150.jpg 150w, https:\/\/yomega.com\/wp-content\/uploads\/2013\/09\/level_icons-02-2-300x300.jpg 300w, https:\/\/yomega.com\/wp-content\/uploads\/2013\/09\/level_icons-02-2-250x250.jpg 250w, https:\/\/yomega.com\/wp-content\/uploads\/2013\/09\/level_icons-02-2-174x174.jpg 174w\" sizes=\"(max-width: 500px) 100vw, 500px\" \/><\/a><\/figure><div class=\"elementor-image-box-content\"><h3 class=\"elementor-image-box-title\"><a href=\"\/?page_id=10241\">Level 2 Yoyos<\/a><\/h3><p class=\"elementor-image-box-description\">F\u00fcr fortgeschrittene Spieler sind Yoyos der Stufe 2 der n\u00e4chste Schritt f\u00fcr diejenigen, die die Grundlagen beherrschen. Die ber\u00fchmte Transaxle-Technologie von Yomega liefert lange, sanfte Spins, so dass fortgeschrittene Seitentricks leichter auszuf\u00fchren sind. Geschmeidig und reaktionsschnell sind diese Yoyos auch perfekt f\u00fcr Looping-Tricks.<\/p><\/div><\/div>\t\t\t\t<\/div>\n\t\t\t\t<\/div>\n\t\t\t\t<div class=\"elementor-element elementor-element-afc1107 elementor-align-center elementor-widget elementor-widget-button\" data-id=\"afc1107\" data-element_type=\"widget\" data-e-type=\"widget\" data-widget_type=\"button.default\">\n\t\t\t\t<div class=\"elementor-widget-container\">\n\t\t\t\t\t\t\t\t\t<div class=\"elementor-button-wrapper\">\n\t\t\t\t\t<a class=\"elementor-button elementor-button-link elementor-size-sm\" href=\"\/?page_id=10241\">\n\t\t\t\t\t\t<span class=\"elementor-button-content-wrapper\">\n\t\t\t\t\t\t\t\t\t<span class=\"elementor-button-text\">Check the collection out HERE!<\/span>\n\t\t\t\t\t<\/span>\n\t\t\t\t\t<\/a>\n\t\t\t\t<\/div>\n\t\t\t\t\t\t\t\t<\/div>\n\t\t\t\t<\/div>\n\t\t\t\t\t<\/div>\n\t\t<\/div>\n\t\t\t\t\t<\/div>\n\t\t<\/section>\n\t\t\t\t<section class=\"elementor-section elementor-inner-section elementor-element elementor-element-566e2990 elementor-section-content-middle elementor-section-boxed elementor-section-height-default elementor-section-height-default\" data-id=\"566e2990\" data-element_type=\"section\" data-e-type=\"section\">\n\t\t\t\t\t\t<div class=\"elementor-container elementor-column-gap-no\">\n\t\t\t\t\t<div class=\"elementor-column elementor-col-50 elementor-inner-column elementor-element elementor-element-774e8c8d\" data-id=\"774e8c8d\" data-element_type=\"column\" data-e-type=\"column\" data-settings=\"{&quot;background_background&quot;:&quot;classic&quot;}\">\n\t\t\t<div class=\"elementor-widget-wrap elementor-element-populated\">\n\t\t\t\t\t\t<div class=\"elementor-element elementor-element-252b5e1a elementor-position-top elementor-widget elementor-widget-image-box\" data-id=\"252b5e1a\" data-element_type=\"widget\" data-e-type=\"widget\" data-widget_type=\"image-box.default\">\n\t\t\t\t<div class=\"elementor-widget-container\">\n\t\t\t\t\t<div class=\"elementor-image-box-wrapper\"><figure class=\"elementor-image-box-img\"><a href=\"\/?page_id=10265\" tabindex=\"-1\"><img decoding=\"async\" width=\"500\" height=\"500\" src=\"https:\/\/yomega.com\/wp-content\/uploads\/2013\/09\/level_icons-01.jpg\" class=\"elementor-animation-grow attachment-full size-full wp-image-12157\" alt=\"\" srcset=\"https:\/\/yomega.com\/wp-content\/uploads\/2013\/09\/level_icons-01.jpg 500w, https:\/\/yomega.com\/wp-content\/uploads\/2013\/09\/level_icons-01-150x150.jpg 150w, https:\/\/yomega.com\/wp-content\/uploads\/2013\/09\/level_icons-01-300x300.jpg 300w, https:\/\/yomega.com\/wp-content\/uploads\/2013\/09\/level_icons-01-250x250.jpg 250w, https:\/\/yomega.com\/wp-content\/uploads\/2013\/09\/level_icons-01-174x174.jpg 174w\" sizes=\"(max-width: 500px) 100vw, 500px\" \/><\/a><\/figure><div class=\"elementor-image-box-content\"><h3 class=\"elementor-image-box-title\"><a href=\"\/?page_id=10265\">Level 3 Yoyos<\/a><\/h3><p class=\"elementor-image-box-description\">Sowohl f\u00fcr fortgeschrittene als auch f\u00fcr fortgeschrittene Spieler werden Yoyos der Stufe 3 den Spielern helfen, die komplexeren Saitentricks zu beherrschen, die maximale Spinzeiten erfordern. Mit Pr\u00e4zisionsrollenlagersystemen und innovativer Technologie bieten diese Yoyos die perfekte Kombination aus Gleichgewicht, Ansprechverhalten und Geschwindigkeit.<\/p><\/div><\/div>\t\t\t\t<\/div>\n\t\t\t\t<\/div>\n\t\t\t\t<div class=\"elementor-element elementor-element-451aa07 elementor-align-center elementor-widget elementor-widget-button\" data-id=\"451aa07\" data-element_type=\"widget\" data-e-type=\"widget\" data-widget_type=\"button.default\">\n\t\t\t\t<div class=\"elementor-widget-container\">\n\t\t\t\t\t\t\t\t\t<div class=\"elementor-button-wrapper\">\n\t\t\t\t\t<a class=\"elementor-button elementor-button-link elementor-size-sm\" href=\"\/?page_id=10265\">\n\t\t\t\t\t\t<span class=\"elementor-button-content-wrapper\">\n\t\t\t\t\t\t\t\t\t<span class=\"elementor-button-text\">Check the collection out HERE!<\/span>\n\t\t\t\t\t<\/span>\n\t\t\t\t\t<\/a>\n\t\t\t\t<\/div>\n\t\t\t\t\t\t\t\t<\/div>\n\t\t\t\t<\/div>\n\t\t\t\t\t<\/div>\n\t\t<\/div>\n\t\t\t\t<div class=\"elementor-column elementor-col-50 elementor-inner-column elementor-element elementor-element-6ff1b34a\" data-id=\"6ff1b34a\" data-element_type=\"column\" data-e-type=\"column\" data-settings=\"{&quot;background_background&quot;:&quot;classic&quot;}\">\n\t\t\t<div class=\"elementor-widget-wrap elementor-element-populated\">\n\t\t\t\t\t\t<div class=\"elementor-element elementor-element-4be693c4 elementor-position-top elementor-widget elementor-widget-image-box\" data-id=\"4be693c4\" data-element_type=\"widget\" data-e-type=\"widget\" data-widget_type=\"image-box.default\">\n\t\t\t\t<div class=\"elementor-widget-container\">\n\t\t\t\t\t<div class=\"elementor-image-box-wrapper\"><figure class=\"elementor-image-box-img\"><a href=\"\/?page_id=10347\" tabindex=\"-1\"><img loading=\"lazy\" decoding=\"async\" width=\"500\" height=\"500\" src=\"https:\/\/yomega.com\/wp-content\/uploads\/2013\/09\/level_icons-04-03.jpg\" class=\"elementor-animation-grow attachment-full size-full wp-image-12160\" alt=\"\" srcset=\"https:\/\/yomega.com\/wp-content\/uploads\/2013\/09\/level_icons-04-03.jpg 500w, https:\/\/yomega.com\/wp-content\/uploads\/2013\/09\/level_icons-04-03-150x150.jpg 150w, https:\/\/yomega.com\/wp-content\/uploads\/2013\/09\/level_icons-04-03-300x300.jpg 300w, https:\/\/yomega.com\/wp-content\/uploads\/2013\/09\/level_icons-04-03-250x250.jpg 250w, https:\/\/yomega.com\/wp-content\/uploads\/2013\/09\/level_icons-04-03-174x174.jpg 174w\" sizes=\"(max-width: 500px) 100vw, 500px\" \/><\/a><\/figure><div class=\"elementor-image-box-content\"><h3 class=\"elementor-image-box-title\"><a href=\"\/?page_id=10347\">PRO Level Yoyos<\/a><\/h3><p class=\"elementor-image-box-description\">Sowohl f\u00fcr fortgeschrittene als auch f\u00fcr fortgeschrittene Spieler werden Yoyos der Stufe 3 den Spielern helfen, die komplexeren Saitentricks zu beherrschen, die maximale Drehzeiten erfordern. Mit Pr\u00e4zisionsrollenlagersystemen und innovativer Technologie bieten diese Yoyos die perfekte Kombination aus Gleichgewicht, Ansprechverhalten und Geschwindigkeit.<\/p><\/div><\/div>\t\t\t\t<\/div>\n\t\t\t\t<\/div>\n\t\t\t\t<div class=\"elementor-element elementor-element-5ea182de elementor-align-center elementor-widget elementor-widget-button\" data-id=\"5ea182de\" data-element_type=\"widget\" data-e-type=\"widget\" data-widget_type=\"button.default\">\n\t\t\t\t<div class=\"elementor-widget-container\">\n\t\t\t\t\t\t\t\t\t<div class=\"elementor-button-wrapper\">\n\t\t\t\t\t<a class=\"elementor-button elementor-button-link elementor-size-sm\" href=\"\/?page_id=10347\">\n\t\t\t\t\t\t<span class=\"elementor-button-content-wrapper\">\n\t\t\t\t\t\t\t\t\t<span class=\"elementor-button-text\">Check the collection out HERE!<\/span>\n\t\t\t\t\t<\/span>\n\t\t\t\t\t<\/a>\n\t\t\t\t<\/div>\n\t\t\t\t\t\t\t\t<\/div>\n\t\t\t\t<\/div>\n\t\t\t\t\t<\/div>\n\t\t<\/div>\n\t\t\t\t\t<\/div>\n\t\t<\/section>\n\t\t\t\t\t<\/div>\n\t\t<\/div>\n\t\t\t\t\t<\/div>\n\t\t<\/section>\n\t\t\t\t<\/div>\n\t\t","protected":false},"excerpt":{"rendered":"<p>Yomega&#8217;s YOYOS Level 1 Yoyos F\u00fcr Anf\u00e4nger machen Yoyos der Stufe 1 das Lernen und Spielen leicht. Mit Yomega &#8220;yoyo mit einem brain&#8221; einer innovativen Technologie, werden die Kinder schnell die Grundlagen lernen. &#8220;Gassi gehen&#8221; und &#8220;Das Baby schaukeln&#8221; sind einfacher denn je! Check the collection out HERE! Level 2 Yoyos F\u00fcr fortgeschrittene Spieler sind [&hellip;]<\/p>\n","protected":false},"author":13,"featured_media":0,"parent":0,"menu_order":0,"comment_status":"closed","ping_status":"closed","template":"elementor_header_footer","meta":{"footnotes":""},"class_list":["post-12427","page","type-page","status-publish","hentry"],"_links":{"self":[{"href":"https:\/\/yomega.com\/de\/wp-json\/wp\/v2\/pages\/12427","targetHints":{"allow":["GET"]}}],"collection":[{"href":"https:\/\/yomega.com\/de\/wp-json\/wp\/v2\/pages"}],"about":[{"href":"https:\/\/yomega.com\/de\/wp-json\/wp\/v2\/types\/page"}],"author":[{"embeddable":true,"href":"https:\/\/yomega.com\/de\/wp-json\/wp\/v2\/users\/13"}],"replies":[{"embeddable":true,"href":"https:\/\/yomega.com\/de\/wp-json\/wp\/v2\/comments?post=12427"}],"version-history":[{"count":3,"href":"https:\/\/yomega.com\/de\/wp-json\/wp\/v2\/pages\/12427\/revisions"}],"predecessor-version":[{"id":12463,"href":"https:\/\/yomega.com\/de\/wp-json\/wp\/v2\/pages\/12427\/revisions\/12463"}],"wp:attachment":[{"href":"https:\/\/yomega.com\/de\/wp-json\/wp\/v2\/media?parent=12427"}],"curies":[{"name":"wp","href":"https:\/\/api.w.org\/{rel}","templated":true}]}}