{"id":12436,"date":"2020-04-13T07:49:41","date_gmt":"2020-04-13T11:49:41","guid":{"rendered":"https:\/\/yomega.com\/rookie-yo-yo-help-auto-return\/"},"modified":"2020-04-13T09:01:34","modified_gmt":"2020-04-13T13:01:34","slug":"rookie-yo-yo-help-auto-return","status":"publish","type":"page","link":"https:\/\/yomega.com\/de\/rookie-yo-yo-help-auto-return\/","title":{"rendered":"Rookie Yo-Yo Help (Auto Return)"},"content":{"rendered":"\t\t<div data-elementor-type=\"wp-post\" data-elementor-id=\"12436\" class=\"elementor elementor-12436 elementor-399\" data-elementor-post-type=\"page\">\n\t\t\t\t\t\t<section class=\"elementor-section elementor-top-section elementor-element elementor-element-648a2467 elementor-section-content-middle elementor-section-boxed elementor-section-height-default elementor-section-height-default\" data-id=\"648a2467\" data-element_type=\"section\" data-e-type=\"section\" data-settings=\"{&quot;background_background&quot;:&quot;classic&quot;}\">\n\t\t\t\t\t\t<div class=\"elementor-container elementor-column-gap-no\">\n\t\t\t\t\t<div class=\"elementor-column elementor-col-100 elementor-top-column elementor-element elementor-element-429d5dfe\" data-id=\"429d5dfe\" data-element_type=\"column\" data-e-type=\"column\">\n\t\t\t<div class=\"elementor-widget-wrap elementor-element-populated\">\n\t\t\t\t\t\t<div class=\"elementor-element elementor-element-791199da elementor-widget elementor-widget-heading\" data-id=\"791199da\" data-element_type=\"widget\" data-e-type=\"widget\" data-widget_type=\"heading.default\">\n\t\t\t\t<div class=\"elementor-widget-container\">\n\t\t\t\t\t<h4 class=\"elementor-heading-title elementor-size-default\">L\u00f6sungszentrum \u2013 Automatische R\u00fcckf\u00fchrungen<\/h4>\t\t\t\t<\/div>\n\t\t\t\t<\/div>\n\t\t\t\t<section class=\"elementor-section elementor-inner-section elementor-element elementor-element-3b663e6 elementor-section-content-top elementor-section-boxed elementor-section-height-default elementor-section-height-default\" data-id=\"3b663e6\" data-element_type=\"section\" data-e-type=\"section\">\n\t\t\t\t\t\t<div class=\"elementor-container elementor-column-gap-no\">\n\t\t\t\t\t<div class=\"elementor-column elementor-col-50 elementor-inner-column elementor-element elementor-element-25e2c0dc\" data-id=\"25e2c0dc\" data-element_type=\"column\" data-e-type=\"column\">\n\t\t\t<div class=\"elementor-widget-wrap elementor-element-populated\">\n\t\t\t\t\t\t<div class=\"elementor-element elementor-element-29134581 elementor-widget elementor-widget-heading\" data-id=\"29134581\" data-element_type=\"widget\" data-e-type=\"widget\" data-widget_type=\"heading.default\">\n\t\t\t\t<div class=\"elementor-widget-container\">\n\t\t\t\t\t<h4 class=\"elementor-heading-title elementor-size-default\">Beschreibung was das \u201cBrain\u201d Yo-Yo macht:<\/h4>\t\t\t\t<\/div>\n\t\t\t\t<\/div>\n\t\t\t\t<div class=\"elementor-element elementor-element-37fa4c25 elementor-widget elementor-widget-text-editor\" data-id=\"37fa4c25\" data-element_type=\"widget\" data-e-type=\"widget\" data-widget_type=\"text-editor.default\">\n\t\t\t\t<div class=\"elementor-widget-container\">\n\t\t\t\t\t\t\t\t\t<p>Die Rookie yo-yo\u2019s mit automatrischer R\u00fcckf\u00fchrung sind alle Yo-Yos mit Fliehkraftkupplung, die innenliegende Spulen mit Gummi O-Ringen haben. Der O-Ringe wird in eine Nuss an der Spule eingeh\u00e4ngt und schnappt mit dem Kupplungsmechanismus in die H\u00e4lfte des Yo-Yos ein. Nun, so funktioniert es. Wenn das Rookie Yo-Yo hart genug nach unten geworfen wird, dr\u00fcckt der Kupplungsmechanismus nach au\u00dfen und l\u00e4sst die Innenspule frei drehen. Wenn dies geschieht, dreht sich das Yo-Yo oder &#8220;schl\u00e4ft&#8221; am unteren Ende der Schnur &#8211; das hei\u00dft, bis das Yo-Yo langsamer wird und die Greifarme den O-Ring greifen und das Yo-Yo automatisch in die Hand des Spieler zur\u00fcckkehrt. Nat\u00fcrlich k\u00f6nnen Sie das automatische R\u00fccklaufsystem jederzeit mit einem schnellen, reaktionsschnellen Handgriff au\u00dfer Kraft setzetn &#8211; dann wird das Yo-Yo auf Befehl zur\u00fcckkehren.<br \/>\nOk, da Sie nun wissen, wie das Yo-Yo funktioniert, lassen Sie uns sehen, ob wir das, was Ihnen Kummer verursacht, l\u00f6sen k\u00f6nnen. Im folgenden sind einige h\u00e4ufige Probleme und damit einige L\u00f6sungen aufgef\u00fchrt.<br \/>\nSchneller Fakt: Die Yo-Yos mit automatischer R\u00fcckf\u00fchrung sind modular aufgebaut &#8211; d.h. sie lassen sich zur einfachen Wartung abschrauben.<\/p>\n\t\t\t\t\t\t\t\t<\/div>\n\t\t\t\t<\/div>\n\t\t\t\t<div class=\"elementor-element elementor-element-16e44000 elementor-widget elementor-widget-heading\" data-id=\"16e44000\" data-element_type=\"widget\" data-e-type=\"widget\" data-widget_type=\"heading.default\">\n\t\t\t\t<div class=\"elementor-widget-container\">\n\t\t\t\t\t<h4 class=\"elementor-heading-title elementor-size-default\">Mein yo-yo schl\u00e4ft!<\/h4>\t\t\t\t<\/div>\n\t\t\t\t<\/div>\n\t\t\t\t<div class=\"elementor-element elementor-element-6d50a213 elementor-widget elementor-widget-text-editor\" data-id=\"6d50a213\" data-element_type=\"widget\" data-e-type=\"widget\" data-widget_type=\"text-editor.default\">\n\t\t\t\t<div class=\"elementor-widget-container\">\n\t\t\t\t\t\t\t\t\t<p>1. Zur\u00fcck zum Anfang &#8211; so wie das Yo-Yo nicht zur\u00fcckkehrt, wenn man es nicht hart genug wirft, wird es aus dem gleichen Grund nicht schlafen. Denken Sie daran, dass Sie um das Yo-Yo zum schlafen zu bringen, die Fliehkraftkupplung zum \u00d6ffnen bringen m\u00fcssen, und die einzige M\u00f6glichkeit, dies zu erreichen, ist, ihm einen ausreichend harten Wurf nach unten zu geben.<br \/>\n2. Die Sachen mit der Schnur &#8211; vielleicht ist die Schnur verknotet oder klemmt um die Achse. Sie werden es wissen, wenn dies der Fall ist, wenn das Yo-Yo schnell wieder in Ihre Hand zur\u00fcckschnappt. Wenn die der Fall ist, nehmen Sie das Yo-Yo auseinander, entfernen Sie die Schnur, setzen Sie das Yo-Yo wieder zusammen und spannen Sie es dann mit der Doppelschleifen-Methode neu auf.<\/p>\n\t\t\t\t\t\t\t\t<\/div>\n\t\t\t\t<\/div>\n\t\t\t\t<div class=\"elementor-element elementor-element-30e78811 elementor-widget elementor-widget-heading\" data-id=\"30e78811\" data-element_type=\"widget\" data-e-type=\"widget\" data-widget_type=\"heading.default\">\n\t\t\t\t<div class=\"elementor-widget-container\">\n\t\t\t\t\t<h4 class=\"elementor-heading-title elementor-size-default\">Mein yo-yo kommt schnell in meine Hand zur\u00fcck!<\/h4>\t\t\t\t<\/div>\n\t\t\t\t<\/div>\n\t\t\t\t<div class=\"elementor-element elementor-element-2ade306c elementor-widget elementor-widget-text-editor\" data-id=\"2ade306c\" data-element_type=\"widget\" data-e-type=\"widget\" data-widget_type=\"text-editor.default\">\n\t\t\t\t<div class=\"elementor-widget-container\">\n\t\t\t\t\t\t\t\t\t<p>Ihre Schnur ist eingeklemmt oder es gibt einen Knoten an der Spule &#8211; nehmen Sie den Yo-Yo Teil und bespannen Sie ihn neu.<\/p>\n\t\t\t\t\t\t\t\t<\/div>\n\t\t\t\t<\/div>\n\t\t\t\t\t<\/div>\n\t\t<\/div>\n\t\t\t\t<div class=\"elementor-column elementor-col-50 elementor-inner-column elementor-element elementor-element-4a74acaf\" data-id=\"4a74acaf\" data-element_type=\"column\" data-e-type=\"column\">\n\t\t\t<div class=\"elementor-widget-wrap elementor-element-populated\">\n\t\t\t\t\t\t<div class=\"elementor-element elementor-element-61b406f elementor-widget elementor-widget-heading\" data-id=\"61b406f\" data-element_type=\"widget\" data-e-type=\"widget\" data-widget_type=\"heading.default\">\n\t\t\t\t<div class=\"elementor-widget-container\">\n\t\t\t\t\t<h4 class=\"elementor-heading-title elementor-size-default\">Mein yo-yo kommt nicht zur\u00fcck!<\/h4>\t\t\t\t<\/div>\n\t\t\t\t<\/div>\n\t\t\t\t<div class=\"elementor-element elementor-element-1d89bf28 elementor-widget elementor-widget-text-editor\" data-id=\"1d89bf28\" data-element_type=\"widget\" data-e-type=\"widget\" data-widget_type=\"text-editor.default\">\n\t\t\t\t<div class=\"elementor-widget-container\">\n\t\t\t\t\t\t\t\t\t<p>Nicht gut, aber hier sind einige Gr\u00fcnde daf\u00fcr &#8211; von den offensichtlichsten bis zu den entferntesten.<br \/>\n1. Obwohl das Yo-Yo ein Yo-Yo mit automatischer R\u00fcckholung ist, m\u00fcssen Sie dem Yo-Yo beim Wurf noch genug Energie geben, damit es zur\u00fcckkehren kann. Wenn Sie ihn also einfach fallen lassen, versuchen Sie, ihm einen h\u00e4rteren Wurf zu verpassen, bevor Sie versuchen, ihn zur zur R\u00fcckkehr zu bewegen. Denken Sie daran, dass er sich drehen muss, um die Kupplung zu l\u00f6sen, bevor er zur\u00fcckkehren kann.<br \/>\n2. Einer der Hauptgr\u00fcnde, warum ein Yo-Yo mit automatischer R\u00fcckkehr nicht zur\u00fcckkehrt, hat mit der Beseitung zu tun. Erinnern Sie sich an die Anweisungen? Wenn Sie das tun, werden Sie sich daran erinnern, dass die Brain Yo-Yos die Doppelschleifen-Methode der Beseitung erfordern. Methoden zum ersetzen von Zeichenketten.<br \/>\n3. Schmiermittel \u2013 wenn die Yo-Yos das Werk verlassen, haben sie eine kleine Menge Schmiermittel auf ihren Achsen. Dieses Schmiermittel erm\u00f6glicht ein reaktionsf\u00e4higes Yo-Yo. Nach langem Gebrauch muss dieses Schmiermittel wieder aufgef\u00fcllt werden. Um dieses Problem zu l\u00f6sen, schrauebn Sie das Yo-Yo auf und geben einen kleienn Tropfen BRian Lube auf die Achse (dazu m\u00fcssen Sie das Yo-Yo auseinandernehmen). Wenn Sie kein Brain Lube haben, k\u00f6nnen Sie es mit einem kleinen Tropfen Mineral\u00f6l ersetzen. Bitte beachten Sie: BENUTZEN SIE KEINE Spr\u00fch\u00f6le, sie sind sch\u00e4dlich f\u00fcr das Yo-Yo und es ist Plastik.<br \/>\n4. Ausgefranste oder abgenutzen Schnur \u2013 manchmal haben es Yo-Yos mit automatischer R\u00fcckkehr schwer, zur\u00fcckkehren, wenn die Schnur abgenutzt und verschmutzt ist. Versuchen Sie in diesem Fall, eine neue Zeichenkette aufzulegen &#8211; aber denken Sie dabei an die Doppelschleifen-Methode!<br \/>\n5. O-Ring fehlt \u2013 albern aber wahr. Einige Yo-Yos vergessen, den Gummi O-Ring wieder auf die Plastikspule zu legen, bevor Sie das Yo.Yo wieder zusammensetzen. Ohne diesen Gummi O-Ring ist das automatische R\u00fccklaufsysten abgeschaltet.<\/p>\n\t\t\t\t\t\t\t\t<\/div>\n\t\t\t\t<\/div>\n\t\t\t\t<div class=\"elementor-element elementor-element-a924f9d elementor-widget elementor-widget-heading\" data-id=\"a924f9d\" data-element_type=\"widget\" data-e-type=\"widget\" data-widget_type=\"heading.default\">\n\t\t\t\t<div class=\"elementor-widget-container\">\n\t\t\t\t\t<h4 class=\"elementor-heading-title elementor-size-default\">Ich habe ein Teil verloren!<\/h4>\t\t\t\t<\/div>\n\t\t\t\t<\/div>\n\t\t\t\t<div class=\"elementor-element elementor-element-73d2a90c elementor-widget elementor-widget-text-editor\" data-id=\"73d2a90c\" data-element_type=\"widget\" data-e-type=\"widget\" data-widget_type=\"text-editor.default\">\n\t\t\t\t<div class=\"elementor-widget-container\">\n\t\t\t\t\t\t\t\t\t<p>Die meisten teile sind in unserem Online Shop Verf\u00fcgbar. Wenn das nicht der Fall ist, rufen Sie uns unter folgender Nummer an 1-800-338-8796 und wir werden das Teil f\u00fcr Sie finden.<\/p>\n\t\t\t\t\t\t\t\t<\/div>\n\t\t\t\t<\/div>\n\t\t\t\t<div class=\"elementor-element elementor-element-14cda1e elementor-widget elementor-widget-heading\" data-id=\"14cda1e\" data-element_type=\"widget\" data-e-type=\"widget\" data-widget_type=\"heading.default\">\n\t\t\t\t<div class=\"elementor-widget-container\">\n\t\t\t\t\t<h4 class=\"elementor-heading-title elementor-size-default\">Mein yo-yo macht laute Ger\u00e4usche!<\/h4>\t\t\t\t<\/div>\n\t\t\t\t<\/div>\n\t\t\t\t<div class=\"elementor-element elementor-element-d5fa587 elementor-widget elementor-widget-text-editor\" data-id=\"d5fa587\" data-element_type=\"widget\" data-e-type=\"widget\" data-widget_type=\"text-editor.default\">\n\t\t\t\t<div class=\"elementor-widget-container\">\n\t\t\t\t\t\t\t\t\t<p>Das ist meistens ein Schmiermittel Problem. Um das zu korrigieren, tropfen Sie einfach ein bisschen Brain Lube auf die Achse \u2013 und bye, bye  Ger\u00e4usche!<\/p>\n\t\t\t\t\t\t\t\t<\/div>\n\t\t\t\t<\/div>\n\t\t\t\t\t<\/div>\n\t\t<\/div>\n\t\t\t\t\t<\/div>\n\t\t<\/section>\n\t\t\t\t\t<\/div>\n\t\t<\/div>\n\t\t\t\t\t<\/div>\n\t\t<\/section>\n\t\t\t\t<\/div>\n\t\t","protected":false},"excerpt":{"rendered":"<p>L\u00f6sungszentrum \u2013 Automatische R\u00fcckf\u00fchrungen Beschreibung was das \u201cBrain\u201d Yo-Yo macht: Die Rookie yo-yo\u2019s mit automatrischer R\u00fcckf\u00fchrung sind alle Yo-Yos mit Fliehkraftkupplung, die innenliegende Spulen mit Gummi O-Ringen haben. Der O-Ringe wird in eine Nuss an der Spule eingeh\u00e4ngt und schnappt mit dem Kupplungsmechanismus in die H\u00e4lfte des Yo-Yos ein. Nun, so funktioniert es. Wenn das [&hellip;]<\/p>\n","protected":false},"author":13,"featured_media":0,"parent":0,"menu_order":0,"comment_status":"open","ping_status":"open","template":"elementor_header_footer","meta":{"footnotes":""},"class_list":["post-12436","page","type-page","status-publish","hentry"],"_links":{"self":[{"href":"https:\/\/yomega.com\/de\/wp-json\/wp\/v2\/pages\/12436","targetHints":{"allow":["GET"]}}],"collection":[{"href":"https:\/\/yomega.com\/de\/wp-json\/wp\/v2\/pages"}],"about":[{"href":"https:\/\/yomega.com\/de\/wp-json\/wp\/v2\/types\/page"}],"author":[{"embeddable":true,"href":"https:\/\/yomega.com\/de\/wp-json\/wp\/v2\/users\/13"}],"replies":[{"embeddable":true,"href":"https:\/\/yomega.com\/de\/wp-json\/wp\/v2\/comments?post=12436"}],"version-history":[{"count":4,"href":"https:\/\/yomega.com\/de\/wp-json\/wp\/v2\/pages\/12436\/revisions"}],"predecessor-version":[{"id":12504,"href":"https:\/\/yomega.com\/de\/wp-json\/wp\/v2\/pages\/12436\/revisions\/12504"}],"wp:attachment":[{"href":"https:\/\/yomega.com\/de\/wp-json\/wp\/v2\/media?parent=12436"}],"curies":[{"name":"wp","href":"https:\/\/api.w.org\/{rel}","templated":true}]}}