{"id":12439,"date":"2020-04-13T07:50:50","date_gmt":"2020-04-13T11:50:50","guid":{"rendered":"https:\/\/yomega.com\/player-yo-yo-help-transaxle\/"},"modified":"2020-04-13T09:04:47","modified_gmt":"2020-04-13T13:04:47","slug":"player-yo-yo-help-transaxle","status":"publish","type":"page","link":"https:\/\/yomega.com\/de\/player-yo-yo-help-transaxle\/","title":{"rendered":"Player Yo-Yo Help (Transaxle)"},"content":{"rendered":"\t\t<div data-elementor-type=\"wp-post\" data-elementor-id=\"12439\" class=\"elementor elementor-12439 elementor-402\" data-elementor-post-type=\"page\">\n\t\t\t\t\t\t<section class=\"elementor-section elementor-top-section elementor-element elementor-element-347eb1b9 elementor-section-content-middle elementor-section-boxed elementor-section-height-default elementor-section-height-default\" data-id=\"347eb1b9\" data-element_type=\"section\" data-e-type=\"section\" data-settings=\"{&quot;background_background&quot;:&quot;classic&quot;}\">\n\t\t\t\t\t\t<div class=\"elementor-container elementor-column-gap-no\">\n\t\t\t\t\t<div class=\"elementor-column elementor-col-100 elementor-top-column elementor-element elementor-element-3e0a3218\" data-id=\"3e0a3218\" data-element_type=\"column\" data-e-type=\"column\">\n\t\t\t<div class=\"elementor-widget-wrap elementor-element-populated\">\n\t\t\t\t\t\t<div class=\"elementor-element elementor-element-43ea3d3d elementor-widget elementor-widget-heading\" data-id=\"43ea3d3d\" data-element_type=\"widget\" data-e-type=\"widget\" data-widget_type=\"heading.default\">\n\t\t\t\t<div class=\"elementor-widget-container\">\n\t\t\t\t\t<h4 class=\"elementor-heading-title elementor-size-default\">L\u00f6sungszentrum \u2013 Transachse<\/h4>\t\t\t\t<\/div>\n\t\t\t\t<\/div>\n\t\t\t\t<div class=\"elementor-element elementor-element-29229110 elementor-widget elementor-widget-heading\" data-id=\"29229110\" data-element_type=\"widget\" data-e-type=\"widget\" data-widget_type=\"heading.default\">\n\t\t\t\t<div class=\"elementor-widget-container\">\n\t\t\t\t\t<h5 class=\"elementor-heading-title elementor-size-default\">Wilkommen zur Spieler Yo-Yo Hilfe Abschnitt<\/h5>\t\t\t\t<\/div>\n\t\t\t\t<\/div>\n\t\t\t\t<section class=\"elementor-section elementor-inner-section elementor-element elementor-element-74a72cd7 elementor-section-content-top elementor-section-boxed elementor-section-height-default elementor-section-height-default\" data-id=\"74a72cd7\" data-element_type=\"section\" data-e-type=\"section\">\n\t\t\t\t\t\t<div class=\"elementor-container elementor-column-gap-no\">\n\t\t\t\t\t<div class=\"elementor-column elementor-col-50 elementor-inner-column elementor-element elementor-element-4d0c7a73\" data-id=\"4d0c7a73\" data-element_type=\"column\" data-e-type=\"column\">\n\t\t\t<div class=\"elementor-widget-wrap elementor-element-populated\">\n\t\t\t\t\t\t<div class=\"elementor-element elementor-element-5d18cfbb elementor-widget elementor-widget-heading\" data-id=\"5d18cfbb\" data-element_type=\"widget\" data-e-type=\"widget\" data-widget_type=\"heading.default\">\n\t\t\t\t<div class=\"elementor-widget-container\">\n\t\t\t\t\t<h4 class=\"elementor-heading-title elementor-size-default\">Was ist ein transachse yo-yo?<\/h4>\t\t\t\t<\/div>\n\t\t\t\t<\/div>\n\t\t\t\t<div class=\"elementor-element elementor-element-40a3859d elementor-widget elementor-widget-text-editor\" data-id=\"40a3859d\" data-element_type=\"widget\" data-e-type=\"widget\" data-widget_type=\"text-editor.default\">\n\t\t\t\t<div class=\"elementor-widget-container\">\n\t\t\t\t\t\t\t\t\t<p>Die Transachse ist ein Begriff, der die inneren Achsteile bestimmter Spieler Yo-Yos beschreibt. Im Grunde genommen sind die Transachse eine Kunststoffh\u00fclse oder Spule, die \u00fcber eine Stahlachse gelegt wird. Die Schnur wird dann doppelt um die Spule geschlungen und das Ergebnis ist ein Mechanismus, der die Geschwindigkeit und Leistung erh\u00f6ht.<br \/>\nDie transachse sind gro\u00dfartige Yo-Yos der mittleren bis forgeschrittenen Stufe und sind f\u00fcr Spieler mit etwas Erfahrung im Yo-Yo Spiel gedacht. Im Gegensatz zu den YoYos mit automatischer R\u00fcckf\u00fchrung wie dem Brain, kehren die Transachse Yo-Yos nicht automatisch zur\u00fcck. Stattdessen verlassen sie sich darauf, dass der Spieler die R\u00fcckkehr manuell durch eine bewegung des Handgelenkes oder einen Ruck nach oben herbeif\u00fchrt.<br \/>\nOk, jetzt, wo Sie wissen, wie das Transachse Yo-Yo funktioniert, lassen Sie uns sehen, ob wir das was Ihnen Kummer verursacht, l\u00f6sen k\u00f6nnen. Im Folgenden sind einige h\u00e4ufige Probleme, die mit diesen Arten von Yo-Yos auftreten, und einihge L\u00f6sungen aufgef\u00fchrt.<\/p>\n\t\t\t\t\t\t\t\t<\/div>\n\t\t\t\t<\/div>\n\t\t\t\t<div class=\"elementor-element elementor-element-4824307 elementor-widget elementor-widget-heading\" data-id=\"4824307\" data-element_type=\"widget\" data-e-type=\"widget\" data-widget_type=\"heading.default\">\n\t\t\t\t<div class=\"elementor-widget-container\">\n\t\t\t\t\t<h4 class=\"elementor-heading-title elementor-size-default\">Mein yo-yo kommt nicht zur\u00fcck!<\/h4>\t\t\t\t<\/div>\n\t\t\t\t<\/div>\n\t\t\t\t<div class=\"elementor-element elementor-element-f25d07e elementor-widget elementor-widget-text-editor\" data-id=\"f25d07e\" data-element_type=\"widget\" data-e-type=\"widget\" data-widget_type=\"text-editor.default\">\n\t\t\t\t<div class=\"elementor-widget-container\">\n\t\t\t\t\t\t\t\t\t<p>Nicht gut, aber hier sind einige Gr\u00fcnde daf\u00fcr &#8211; von den offensichtlichsten bis zu den entferntesten.<br \/>\n1. Denken Sie daran, dass das Transache kein Yo-Yo mit automatischer R\u00fcckf\u00fchrung ist, also m\u00fcpssen Sie dem Yo-Yo beim Wurf genug Energie geben, damit es zur\u00fcckkehren kann. Wenn Sie ihn also einfach fallen lassen, versuchen Sie, ihm einen h\u00e4rteren Wurf zu verpassen, bevor Sie versuchen ihn zur R\u00fcckkehr zu bewegen.<br \/>\n2. Einer der Hauptgr\u00fcnde, warum ein Transache Yo-Yo nicht zur\u00fcckkehrt, hat mit der Beseitung zu tun. Erinnern Sie Sich an die Anweisungen? Wenn Sie das tun, werden Sie sich daran erinnern, dass die Transachse Yo-Yos die Doppelschleifen-Methode der Beseitung erfordern. Methoden zum Ersetzen von Zeichenketten<br \/>\n3. Schmiermittel \u2013 wenn die Yo-Yos das Werk verlassen, haben sie eine kleine Menge Schmiermittel auf ihren Achsen. Dieses Schmirmittel erm\u00f6glicht ein reaktiosf\u00e4higes Yo-Yo. Nach langem Gebrauch muss dieses Schmiermittel wieder aufgef\u00fcllt werden. Um dieses Problem zu l\u00f6sen, geben Sie einen kleinen Tropfen Brain Lube auf die Achse (dazu m\u00fcssen Sie das Yo-Yo auseinandernehmen). Wenn Sie kein Brain Lube haben, k\u00f6nnen Sie es mit einem kleinen Tropfen Mineral\u00f6l ersetzen. Bitte beachten Sie: BENUTZEN SIE KEINE Spr\u00fch\u00f6le, sie sind sch\u00e4dlich f\u00fcr das Yo-Yo und es ist Plastik.<br \/>\n4. Ausgefranste oder abgenutzte Schnur \u2013 manchmal haben Transachse Yo-Yos es schwer, zur\u00fcckzukehren, wenn die Schnur abgenutzt und verschmutzt ist. Versuchen Sie in diesem Falle, eine neue Zeichenkette aufzulegen &#8211; aber denken Sie dabei an die Doppelschnur-Methode!<\/p>\n\t\t\t\t\t\t\t\t<\/div>\n\t\t\t\t<\/div>\n\t\t\t\t\t<\/div>\n\t\t<\/div>\n\t\t\t\t<div class=\"elementor-column elementor-col-50 elementor-inner-column elementor-element elementor-element-3df04794\" data-id=\"3df04794\" data-element_type=\"column\" data-e-type=\"column\">\n\t\t\t<div class=\"elementor-widget-wrap elementor-element-populated\">\n\t\t\t\t\t\t<div class=\"elementor-element elementor-element-a0d9831 elementor-widget elementor-widget-heading\" data-id=\"a0d9831\" data-element_type=\"widget\" data-e-type=\"widget\" data-widget_type=\"heading.default\">\n\t\t\t\t<div class=\"elementor-widget-container\">\n\t\t\t\t\t<h4 class=\"elementor-heading-title elementor-size-default\">Mein yo-yo schl\u00e4ft nicht!<\/h4>\t\t\t\t<\/div>\n\t\t\t\t<\/div>\n\t\t\t\t<div class=\"elementor-element elementor-element-573a145a elementor-widget elementor-widget-text-editor\" data-id=\"573a145a\" data-element_type=\"widget\" data-e-type=\"widget\" data-widget_type=\"text-editor.default\">\n\t\t\t\t<div class=\"elementor-widget-container\">\n\t\t\t\t\t\t\t\t\t<p>1. Zur\u00fcck zum Anfang \u2013 so wie das Yo-Yo nicht zur\u00fcckkehrt, wenn man es nicht hart genug wirft, wird es aus dem gleichen Grund nicht schlafen. Denken Sie daran, dass Sie, um das Yo-Yo zum schlafen zu bringen, die Transachse richtig zum Drehen bringen m\u00fcssen, und die einzige M\u00f6glichkeit, dies zu erreichen, besteht darin, ihm einen ausreichend harten Wurf nach unten zu geben.<br \/>\n2. Die Sache mit der Schnur \u2013 vielleicht ist die Schnur verknotet oder klemmt um die Achse. Sie werden es wissen, wenn dies der Fall ist, wenn das Yo-Yo schnell wiede rin Ihre Hand zur\u00fcckkehrt. Wenn dies der Fall ist, nehmen Sie das Yo-Yo auseinander, entfernen Sie die Schnur oder den Knoten, setzen Sie das Yo-Yo wieder zusammen und schn\u00fcren Sie es dann mit der Doppelschnur-Methode.<\/p>\n\t\t\t\t\t\t\t\t<\/div>\n\t\t\t\t<\/div>\n\t\t\t\t<div class=\"elementor-element elementor-element-225d1d2a elementor-widget elementor-widget-heading\" data-id=\"225d1d2a\" data-element_type=\"widget\" data-e-type=\"widget\" data-widget_type=\"heading.default\">\n\t\t\t\t<div class=\"elementor-widget-container\">\n\t\t\t\t\t<h4 class=\"elementor-heading-title elementor-size-default\">Mein yo-yo macht laute Ger\u00e4usche!<\/h4>\t\t\t\t<\/div>\n\t\t\t\t<\/div>\n\t\t\t\t<div class=\"elementor-element elementor-element-373fcee9 elementor-widget elementor-widget-text-editor\" data-id=\"373fcee9\" data-element_type=\"widget\" data-e-type=\"widget\" data-widget_type=\"text-editor.default\">\n\t\t\t\t<div class=\"elementor-widget-container\">\n\t\t\t\t\t\t\t\t\t<p>Das ist meistens ein Schmiermittel Problem. Um das zu korrigieren, tropfen Sie einfach ein bisschen Brain Lube auf die Achse \u2013 und bye, bye Ger\u00e4usche!<\/p>\n\t\t\t\t\t\t\t\t<\/div>\n\t\t\t\t<\/div>\n\t\t\t\t<div class=\"elementor-element elementor-element-bdd4249 elementor-widget elementor-widget-heading\" data-id=\"bdd4249\" data-element_type=\"widget\" data-e-type=\"widget\" data-widget_type=\"heading.default\">\n\t\t\t\t<div class=\"elementor-widget-container\">\n\t\t\t\t\t<h4 class=\"elementor-heading-title elementor-size-default\">Ich habe ein Teil verloren!<\/h4>\t\t\t\t<\/div>\n\t\t\t\t<\/div>\n\t\t\t\t<div class=\"elementor-element elementor-element-4e89ca52 elementor-widget elementor-widget-text-editor\" data-id=\"4e89ca52\" data-element_type=\"widget\" data-e-type=\"widget\" data-widget_type=\"text-editor.default\">\n\t\t\t\t<div class=\"elementor-widget-container\">\n\t\t\t\t\t\t\t\t\t<p>Die meisten Teile sind in unserem Online Shop Verf\u00fcgbar. Wenn nicht, rufen Sie uns unter der folgenden Nummer an 1-800-338-8796 und wir werden es f\u00fcr Sie finden.<\/p>\n\t\t\t\t\t\t\t\t<\/div>\n\t\t\t\t<\/div>\n\t\t\t\t\t<\/div>\n\t\t<\/div>\n\t\t\t\t\t<\/div>\n\t\t<\/section>\n\t\t\t\t\t<\/div>\n\t\t<\/div>\n\t\t\t\t\t<\/div>\n\t\t<\/section>\n\t\t\t\t<\/div>\n\t\t","protected":false},"excerpt":{"rendered":"<p>L\u00f6sungszentrum \u2013 Transachse Wilkommen zur Spieler Yo-Yo Hilfe Abschnitt Was ist ein transachse yo-yo? Die Transachse ist ein Begriff, der die inneren Achsteile bestimmter Spieler Yo-Yos beschreibt. Im Grunde genommen sind die Transachse eine Kunststoffh\u00fclse oder Spule, die \u00fcber eine Stahlachse gelegt wird. Die Schnur wird dann doppelt um die Spule geschlungen und das Ergebnis [&hellip;]<\/p>\n","protected":false},"author":13,"featured_media":0,"parent":0,"menu_order":0,"comment_status":"open","ping_status":"open","template":"elementor_header_footer","meta":{"footnotes":""},"class_list":["post-12439","page","type-page","status-publish","hentry"],"_links":{"self":[{"href":"https:\/\/yomega.com\/de\/wp-json\/wp\/v2\/pages\/12439","targetHints":{"allow":["GET"]}}],"collection":[{"href":"https:\/\/yomega.com\/de\/wp-json\/wp\/v2\/pages"}],"about":[{"href":"https:\/\/yomega.com\/de\/wp-json\/wp\/v2\/types\/page"}],"author":[{"embeddable":true,"href":"https:\/\/yomega.com\/de\/wp-json\/wp\/v2\/users\/13"}],"replies":[{"embeddable":true,"href":"https:\/\/yomega.com\/de\/wp-json\/wp\/v2\/comments?post=12439"}],"version-history":[{"count":3,"href":"https:\/\/yomega.com\/de\/wp-json\/wp\/v2\/pages\/12439\/revisions"}],"predecessor-version":[{"id":12506,"href":"https:\/\/yomega.com\/de\/wp-json\/wp\/v2\/pages\/12439\/revisions\/12506"}],"wp:attachment":[{"href":"https:\/\/yomega.com\/de\/wp-json\/wp\/v2\/media?parent=12439"}],"curies":[{"name":"wp","href":"https:\/\/api.w.org\/{rel}","templated":true}]}}