{"id":12470,"date":"2020-04-13T08:43:32","date_gmt":"2020-04-13T12:43:32","guid":{"rendered":"https:\/\/yomega.com\/level-2-yoyos\/"},"modified":"2020-04-13T08:43:33","modified_gmt":"2020-04-13T12:43:33","slug":"level-2-yoyos","status":"publish","type":"page","link":"https:\/\/yomega.com\/de\/level-2-yoyos\/","title":{"rendered":"level 2 yoyos"},"content":{"rendered":"\t\t<div data-elementor-type=\"wp-post\" data-elementor-id=\"12470\" class=\"elementor elementor-12470 elementor-10241\" data-elementor-post-type=\"page\">\n\t\t\t\t\t\t<section class=\"elementor-section elementor-top-section elementor-element elementor-element-1619082c elementor-section-full_width elementor-section-height-default elementor-section-height-default\" data-id=\"1619082c\" data-element_type=\"section\" data-e-type=\"section\">\n\t\t\t\t\t\t<div class=\"elementor-container elementor-column-gap-default\">\n\t\t\t\t\t<div class=\"elementor-column elementor-col-100 elementor-top-column elementor-element elementor-element-46819257\" data-id=\"46819257\" data-element_type=\"column\" data-e-type=\"column\" data-settings=\"{&quot;background_background&quot;:&quot;classic&quot;}\">\n\t\t\t<div class=\"elementor-widget-wrap elementor-element-populated\">\n\t\t\t\t\t\t<div class=\"elementor-element elementor-element-1291f05d elementor-widget elementor-widget-heading\" data-id=\"1291f05d\" data-element_type=\"widget\" data-e-type=\"widget\" data-widget_type=\"heading.default\">\n\t\t\t\t<div class=\"elementor-widget-container\">\n\t\t\t\t\t<h2 class=\"elementor-heading-title elementor-size-default\">LEVEL 2 YOYOS<\/h2>\t\t\t\t<\/div>\n\t\t\t\t<\/div>\n\t\t\t\t<div class=\"elementor-element elementor-element-73734d38 elementor-widget elementor-widget-text-editor\" data-id=\"73734d38\" data-element_type=\"widget\" data-e-type=\"widget\" data-widget_type=\"text-editor.default\">\n\t\t\t\t<div class=\"elementor-widget-container\">\n\t\t\t\t\t\t\t\t\t<p><\/p>\n<div class=\"wp-block-themeisle-blocks-advanced-columns has-1-columns has-desktop-equal-layout has-tablet-equal-layout has-mobile-equal-layout has-default-gap has-vertical-unset\" id=\"wp-block-themeisle-blocks-advanced-columns-203de032\" style=\"border-width:0px;border-style:solid;border-color:#000000;border-radius:0px;justify-content:unset\">\n<div class=\"wp-themeisle-block-overlay\" style=\"opacity:0.5;mix-blend-mode:normal\"><\/div>\n<div class=\"innerblocks-wrap\"><\/p>\n<div class=\"wp-block-themeisle-blocks-advanced-column\" id=\"wp-block-themeisle-blocks-advanced-column-09a777fd\" style=\"border-width:0px;border-style:solid;border-color:#000000;border-radius:0px\"><\/p>\n<p><\/div>\n<p><\/div>\n<\/div>\n<p><\/p>\n\t\t\t\t\t\t\t\t<\/div>\n\t\t\t\t<\/div>\n\t\t\t\t\t<\/div>\n\t\t<\/div>\n\t\t\t\t\t<\/div>\n\t\t<\/section>\n\t\t\t\t<section class=\"elementor-section elementor-top-section elementor-element elementor-element-2c495142 elementor-section-height-min-height elementor-section-content-middle elementor-section-items-stretch elementor-reverse-mobile elementor-section-boxed elementor-section-height-default\" data-id=\"2c495142\" data-element_type=\"section\" data-e-type=\"section\" data-settings=\"{&quot;background_background&quot;:&quot;classic&quot;}\">\n\t\t\t\t\t\t<div class=\"elementor-container elementor-column-gap-default\">\n\t\t\t\t\t<div class=\"elementor-column elementor-col-50 elementor-top-column elementor-element elementor-element-7bee248d\" data-id=\"7bee248d\" data-element_type=\"column\" data-e-type=\"column\">\n\t\t\t<div class=\"elementor-widget-wrap elementor-element-populated\">\n\t\t\t\t\t\t<div class=\"elementor-element elementor-element-211b3f5d elementor-widget elementor-widget-heading\" data-id=\"211b3f5d\" data-element_type=\"widget\" data-e-type=\"widget\" data-widget_type=\"heading.default\">\n\t\t\t\t<div class=\"elementor-widget-container\">\n\t\t\t\t\t<p class=\"elementor-heading-title elementor-size-default\"><a href=\"https:\/\/www.amazon.com\/stores\/page\/37C0FCCF-92D1-4CE4-AEAE-486D140EB64A?ingress=2&#038;visitId=0c760e79-ee21-4fff-ab49-e86c44e32706&#038;ref_=bl_dp_s_web_2604056011\">FIREBALL<\/a><\/p>\t\t\t\t<\/div>\n\t\t\t\t<\/div>\n\t\t\t\t<div class=\"elementor-element elementor-element-13fb1d2d elementor-widget elementor-widget-text-editor\" data-id=\"13fb1d2d\" data-element_type=\"widget\" data-e-type=\"widget\" data-widget_type=\"text-editor.default\">\n\t\t\t\t<div class=\"elementor-widget-container\">\n\t\t\t\t\t\t\t\t\t<p>Der Yomega-Fireball ist das Yoyo, das die Revolution im Spiel ausgel\u00f6st hat. Mit seinem patentierten Transaxle-System erm\u00f6glicht der Fireball Drehungen, die \u00fcber 3 Mal l\u00e4nger sind als ein gew\u00f6hnliches Yoyo. Das Transaxle-System verwendet eine spezielle Achsh\u00fclse, um die Reibung zu verringern und den Spin zu erh\u00f6hen. Mit diesem System k\u00f6nnen die Spieler zu Tricks gelangen, die einst f\u00fcr unm\u00f6glich gehalten wurden.<\/p>\n\t\t\t\t\t\t\t\t<\/div>\n\t\t\t\t<\/div>\n\t\t\t\t\t<\/div>\n\t\t<\/div>\n\t\t\t\t<div class=\"elementor-column elementor-col-50 elementor-top-column elementor-element elementor-element-5c2f6a\" data-id=\"5c2f6a\" data-element_type=\"column\" data-e-type=\"column\" data-settings=\"{&quot;background_background&quot;:&quot;classic&quot;}\">\n\t\t\t<div class=\"elementor-widget-wrap elementor-element-populated\">\n\t\t\t\t\t\t<div class=\"elementor-element elementor-element-b000248 elementor-arrows-position-outside elementor-widget elementor-widget-image-carousel\" data-id=\"b000248\" data-element_type=\"widget\" data-e-type=\"widget\" data-settings=\"{&quot;slides_to_show&quot;:&quot;1&quot;,&quot;navigation&quot;:&quot;arrows&quot;,&quot;autoplay_speed&quot;:3000,&quot;effect&quot;:&quot;fade&quot;,&quot;autoplay&quot;:&quot;yes&quot;,&quot;pause_on_hover&quot;:&quot;yes&quot;,&quot;pause_on_interaction&quot;:&quot;yes&quot;,&quot;infinite&quot;:&quot;yes&quot;,&quot;speed&quot;:500}\" data-widget_type=\"image-carousel.default\">\n\t\t\t\t<div class=\"elementor-widget-container\">\n\t\t\t\t\t\t\t<div class=\"elementor-image-carousel-wrapper swiper\" role=\"region\" aria-roledescription=\"carousel\" aria-label=\"Image Carousel\" dir=\"ltr\">\n\t\t\t<div class=\"elementor-image-carousel swiper-wrapper\" aria-live=\"off\">\n\t\t\t\t\t\t\t\t<div class=\"swiper-slide\" role=\"group\" aria-roledescription=\"slide\" aria-label=\"1 of 3\"><a data-elementor-open-lightbox=\"yes\" data-elementor-lightbox-slideshow=\"b000248\" data-elementor-lightbox-title=\"\u00a92017 Evan Sayles (evansayles.com)\" data-e-action-hash=\"#elementor-action%3Aaction%3Dlightbox%26settings%3DeyJpZCI6MTE0MzMsInVybCI6Imh0dHBzOlwvXC95b21lZ2EuY29tXC93cC1jb250ZW50XC91cGxvYWRzXC8yMDE5XC8xMFwvRmlyZWJhbGwtTGVmdC1CbHVlLTEuanBnIiwic2xpZGVzaG93IjoiYjAwMDI0OCJ9\" href=\"#\"><figure class=\"swiper-slide-inner\"><img decoding=\"async\" class=\"swiper-slide-image\" src=\"https:\/\/yomega.com\/wp-content\/uploads\/elementor\/thumbs\/Fireball-Left-Blue-1-r1amxdjemv1alk4h36r67yggxt66a10ce7ffnbxw94.jpg\" alt=\"\u00a92017 Evan Sayles (evansayles.com)\" \/><\/figure><\/a><\/div><div class=\"swiper-slide\" role=\"group\" aria-roledescription=\"slide\" aria-label=\"2 of 3\"><a data-elementor-open-lightbox=\"yes\" data-elementor-lightbox-slideshow=\"b000248\" data-elementor-lightbox-title=\"\u00a92017 Evan Sayles (evansayles.com)\" data-e-action-hash=\"#elementor-action%3Aaction%3Dlightbox%26settings%3DeyJpZCI6MTE0MzQsInVybCI6Imh0dHBzOlwvXC95b21lZ2EuY29tXC93cC1jb250ZW50XC91cGxvYWRzXC8yMDE5XC8xMFwvRmlyZWJhbGwtTGVmdC1HcmVlbi0xLmpwZyIsInNsaWRlc2hvdyI6ImIwMDAyNDgifQ%3D%3D\" href=\"#\"><figure class=\"swiper-slide-inner\"><img decoding=\"async\" class=\"swiper-slide-image\" src=\"https:\/\/yomega.com\/wp-content\/uploads\/elementor\/thumbs\/Fireball-Left-Green-1-r1amy4sq522ly90vo0jcq9ku5zfth90k5ycikcth8o.jpg\" alt=\"\u00a92017 Evan Sayles (evansayles.com)\" \/><\/figure><\/a><\/div><div class=\"swiper-slide\" role=\"group\" aria-roledescription=\"slide\" aria-label=\"3 of 3\"><a data-elementor-open-lightbox=\"yes\" data-elementor-lightbox-slideshow=\"b000248\" data-elementor-lightbox-title=\"\u00a92017 Evan Sayles (evansayles.com)\" data-e-action-hash=\"#elementor-action%3Aaction%3Dlightbox%26settings%3DeyJpZCI6MTE0MzUsInVybCI6Imh0dHBzOlwvXC95b21lZ2EuY29tXC93cC1jb250ZW50XC91cGxvYWRzXC8yMDE5XC8xMFwvRmlyZWJhbGwtTGVmdC1SZWQtMS5qcGciLCJzbGlkZXNob3ciOiJiMDAwMjQ4In0%3D\" href=\"#\"><figure class=\"swiper-slide-inner\"><img decoding=\"async\" class=\"swiper-slide-image\" src=\"https:\/\/yomega.com\/wp-content\/uploads\/elementor\/thumbs\/Fireball-Left-Red-1-r1amx9s1viw5b49xp54nxzemk9opf8lf1othq83gy0.jpg\" alt=\"\u00a92017 Evan Sayles (evansayles.com)\" \/><\/figure><\/a><\/div>\t\t\t<\/div>\n\t\t\t\t\t\t\t\t\t\t\t\t<div class=\"elementor-swiper-button elementor-swiper-button-prev\" role=\"button\" tabindex=\"0\">\n\t\t\t\t\t\t<i aria-hidden=\"true\" class=\"eicon-chevron-left\"><\/i>\t\t\t\t\t<\/div>\n\t\t\t\t\t<div class=\"elementor-swiper-button elementor-swiper-button-next\" role=\"button\" tabindex=\"0\">\n\t\t\t\t\t\t<i aria-hidden=\"true\" class=\"eicon-chevron-right\"><\/i>\t\t\t\t\t<\/div>\n\t\t\t\t\n\t\t\t\t\t\t\t\t\t<\/div>\n\t\t\t\t\t\t<\/div>\n\t\t\t\t<\/div>\n\t\t\t\t\t<\/div>\n\t\t<\/div>\n\t\t\t\t\t<\/div>\n\t\t<\/section>\n\t\t\t\t<section class=\"elementor-section elementor-top-section elementor-element elementor-element-63f3ad99 elementor-section-boxed elementor-section-height-default elementor-section-height-default\" data-id=\"63f3ad99\" data-element_type=\"section\" data-e-type=\"section\">\n\t\t\t\t\t\t<div class=\"elementor-container elementor-column-gap-default\">\n\t\t\t\t\t<div class=\"elementor-column elementor-col-50 elementor-top-column elementor-element elementor-element-621027d4\" data-id=\"621027d4\" data-element_type=\"column\" data-e-type=\"column\">\n\t\t\t<div class=\"elementor-widget-wrap elementor-element-populated\">\n\t\t\t\t\t\t<div class=\"elementor-element elementor-element-5c7acba elementor-arrows-position-outside elementor-widget elementor-widget-image-carousel\" data-id=\"5c7acba\" data-element_type=\"widget\" data-e-type=\"widget\" data-settings=\"{&quot;slides_to_show&quot;:&quot;1&quot;,&quot;navigation&quot;:&quot;arrows&quot;,&quot;autoplay_speed&quot;:3000,&quot;effect&quot;:&quot;fade&quot;,&quot;autoplay&quot;:&quot;yes&quot;,&quot;pause_on_hover&quot;:&quot;yes&quot;,&quot;pause_on_interaction&quot;:&quot;yes&quot;,&quot;infinite&quot;:&quot;yes&quot;,&quot;speed&quot;:500}\" data-widget_type=\"image-carousel.default\">\n\t\t\t\t<div class=\"elementor-widget-container\">\n\t\t\t\t\t\t\t<div class=\"elementor-image-carousel-wrapper swiper\" role=\"region\" aria-roledescription=\"carousel\" aria-label=\"Image Carousel\" dir=\"ltr\">\n\t\t\t<div class=\"elementor-image-carousel swiper-wrapper\" aria-live=\"off\">\n\t\t\t\t\t\t\t\t<div class=\"swiper-slide\" role=\"group\" aria-roledescription=\"slide\" aria-label=\"1 of 3\"><a data-elementor-open-lightbox=\"yes\" data-elementor-lightbox-slideshow=\"5c7acba\" data-elementor-lightbox-title=\"Blue Yomega Spectrum\" data-elementor-lightbox-description=\"Blue Yomega Spectrum\" data-e-action-hash=\"#elementor-action%3Aaction%3Dlightbox%26settings%3DeyJpZCI6ODQ2LCJ1cmwiOiJodHRwczpcL1wveW9tZWdhLmNvbVwvd3AtY29udGVudFwvdXBsb2Fkc1wvMjAxM1wvMDlcL3NwZWN0cnVtYmx1ZS1MLmpwZyIsInNsaWRlc2hvdyI6IjVjN2FjYmEifQ%3D%3D\" href=\"#\"><figure class=\"swiper-slide-inner\"><img decoding=\"async\" class=\"swiper-slide-image\" src=\"https:\/\/yomega.com\/wp-content\/uploads\/elementor\/thumbs\/spectrumblue-L-r1amy4sq522ly90vo0jcq9ku5zfth90k5ycikcth8o.jpg\" alt=\"Blue Yomega Spectrum\" \/><\/figure><\/a><\/div><div class=\"swiper-slide\" role=\"group\" aria-roledescription=\"slide\" aria-label=\"2 of 3\"><a data-elementor-open-lightbox=\"yes\" data-elementor-lightbox-slideshow=\"5c7acba\" data-elementor-lightbox-title=\"Red Yomega Spectrum\" data-elementor-lightbox-description=\"Red Yomega Spectrum\" data-e-action-hash=\"#elementor-action%3Aaction%3Dlightbox%26settings%3DeyJpZCI6ODQ1LCJ1cmwiOiJodHRwczpcL1wveW9tZWdhLmNvbVwvd3AtY29udGVudFwvdXBsb2Fkc1wvMjAxM1wvMDlcL3NwZWN0cnVtcmVkLUwuanBnIiwic2xpZGVzaG93IjoiNWM3YWNiYSJ9\" href=\"#\"><figure class=\"swiper-slide-inner\"><img decoding=\"async\" class=\"swiper-slide-image\" src=\"https:\/\/yomega.com\/wp-content\/uploads\/elementor\/thumbs\/spectrumred-L-r1amzkhuky1dosxsa4vu1ej6u6d08lpsp287ykotqg.jpg\" alt=\"Red Yomega Spectrum\" \/><\/figure><\/a><\/div><div class=\"swiper-slide\" role=\"group\" aria-roledescription=\"slide\" aria-label=\"3 of 3\"><a data-elementor-open-lightbox=\"yes\" data-elementor-lightbox-slideshow=\"5c7acba\" data-elementor-lightbox-title=\"Clear Yomega Spectrum\" data-elementor-lightbox-description=\"Clear Yomega Spectrum\" data-e-action-hash=\"#elementor-action%3Aaction%3Dlightbox%26settings%3DeyJpZCI6ODQ0LCJ1cmwiOiJodHRwczpcL1wveW9tZWdhLmNvbVwvd3AtY29udGVudFwvdXBsb2Fkc1wvMjAxM1wvMDlcL3NwZWN0cnVtY2xlYXItTC5qcGciLCJzbGlkZXNob3ciOiI1YzdhY2JhIn0%3D\" href=\"#\"><figure class=\"swiper-slide-inner\"><img decoding=\"async\" class=\"swiper-slide-image\" src=\"https:\/\/yomega.com\/wp-content\/uploads\/elementor\/thumbs\/spectrumclear-L-r1amxugi1vogejfwce2ggu6rmqus4kvigj66ab8t54.jpg\" alt=\"Clear Yomega Spectrum\" \/><\/figure><\/a><\/div>\t\t\t<\/div>\n\t\t\t\t\t\t\t\t\t\t\t\t<div class=\"elementor-swiper-button elementor-swiper-button-prev\" role=\"button\" tabindex=\"0\">\n\t\t\t\t\t\t<i aria-hidden=\"true\" class=\"eicon-chevron-left\"><\/i>\t\t\t\t\t<\/div>\n\t\t\t\t\t<div class=\"elementor-swiper-button elementor-swiper-button-next\" role=\"button\" tabindex=\"0\">\n\t\t\t\t\t\t<i aria-hidden=\"true\" class=\"eicon-chevron-right\"><\/i>\t\t\t\t\t<\/div>\n\t\t\t\t\n\t\t\t\t\t\t\t\t\t<\/div>\n\t\t\t\t\t\t<\/div>\n\t\t\t\t<\/div>\n\t\t\t\t\t<\/div>\n\t\t<\/div>\n\t\t\t\t<div class=\"elementor-column elementor-col-50 elementor-top-column elementor-element elementor-element-1ad63381\" data-id=\"1ad63381\" data-element_type=\"column\" data-e-type=\"column\">\n\t\t\t<div class=\"elementor-widget-wrap elementor-element-populated\">\n\t\t\t\t\t\t<div class=\"elementor-element elementor-element-40afded elementor-widget elementor-widget-heading\" data-id=\"40afded\" data-element_type=\"widget\" data-e-type=\"widget\" data-widget_type=\"heading.default\">\n\t\t\t\t<div class=\"elementor-widget-container\">\n\t\t\t\t\t<p class=\"elementor-heading-title elementor-size-default\"><a href=\"https:\/\/www.amazon.com\/stores\/page\/37C0FCCF-92D1-4CE4-AEAE-486D140EB64A?ingress=2&#038;visitId=0c760e79-ee21-4fff-ab49-e86c44e32706&#038;ref_=bl_dp_s_web_2604056011\">SPECTRUM<\/a><\/p>\t\t\t\t<\/div>\n\t\t\t\t<\/div>\n\t\t\t\t<div class=\"elementor-element elementor-element-69df9df0 elementor-widget elementor-widget-text-editor\" data-id=\"69df9df0\" data-element_type=\"widget\" data-e-type=\"widget\" data-widget_type=\"text-editor.default\">\n\t\t\t\t<div class=\"elementor-widget-container\">\n\t\t\t\t\t\t\t\t\t<p>Das Spectrum ist mit LED-Leuchten ausgestattet, die f\u00fcr explosive Farben und sofortige Unterhaltung mit nur einem Wurf des Yoyos sorgen! Als Teil der Yomega-Yojo-Linie auf Spielerebene verf\u00fcgt das Spectrum \u00fcber ein Transaxle- und ein Starburst-Reaktionssystem, das f\u00fcr jede Spielerebene einsetzbar ist. Das Spectrum ist ein farbenfrohes Yoyo, das jedem den Tag erhellen kann!<\/p>\n\t\t\t\t\t\t\t\t<\/div>\n\t\t\t\t<\/div>\n\t\t\t\t\t<\/div>\n\t\t<\/div>\n\t\t\t\t\t<\/div>\n\t\t<\/section>\n\t\t\t\t<\/div>\n\t\t","protected":false},"excerpt":{"rendered":"<p>LEVEL 2 YOYOS FIREBALL Der Yomega-Fireball ist das Yoyo, das die Revolution im Spiel ausgel\u00f6st hat. Mit seinem patentierten Transaxle-System erm\u00f6glicht der Fireball Drehungen, die \u00fcber 3 Mal l\u00e4nger sind als ein gew\u00f6hnliches Yoyo. Das Transaxle-System verwendet eine spezielle Achsh\u00fclse, um die Reibung zu verringern und den Spin zu erh\u00f6hen. Mit diesem System k\u00f6nnen die [&hellip;]<\/p>\n","protected":false},"author":13,"featured_media":0,"parent":0,"menu_order":0,"comment_status":"closed","ping_status":"closed","template":"elementor_header_footer","meta":{"footnotes":""},"class_list":["post-12470","page","type-page","status-publish","hentry"],"_links":{"self":[{"href":"https:\/\/yomega.com\/de\/wp-json\/wp\/v2\/pages\/12470","targetHints":{"allow":["GET"]}}],"collection":[{"href":"https:\/\/yomega.com\/de\/wp-json\/wp\/v2\/pages"}],"about":[{"href":"https:\/\/yomega.com\/de\/wp-json\/wp\/v2\/types\/page"}],"author":[{"embeddable":true,"href":"https:\/\/yomega.com\/de\/wp-json\/wp\/v2\/users\/13"}],"replies":[{"embeddable":true,"href":"https:\/\/yomega.com\/de\/wp-json\/wp\/v2\/comments?post=12470"}],"version-history":[{"count":5,"href":"https:\/\/yomega.com\/de\/wp-json\/wp\/v2\/pages\/12470\/revisions"}],"predecessor-version":[{"id":12475,"href":"https:\/\/yomega.com\/de\/wp-json\/wp\/v2\/pages\/12470\/revisions\/12475"}],"wp:attachment":[{"href":"https:\/\/yomega.com\/de\/wp-json\/wp\/v2\/media?parent=12470"}],"curies":[{"name":"wp","href":"https:\/\/api.w.org\/{rel}","templated":true}]}}