{"id":12278,"date":"2020-03-28T08:36:51","date_gmt":"2020-03-28T12:36:51","guid":{"rendered":"https:\/\/yomega.com\/player-yo-yo-help-transaxle\/"},"modified":"2020-03-28T09:39:00","modified_gmt":"2020-03-28T13:39:00","slug":"player-yo-yo-help-transaxle","status":"publish","type":"page","link":"https:\/\/yomega.com\/it\/player-yo-yo-help-transaxle\/","title":{"rendered":"Player Yo-Yo Help (Transaxle)"},"content":{"rendered":"\t\t<div data-elementor-type=\"wp-post\" data-elementor-id=\"12278\" class=\"elementor elementor-12278 elementor-402\" data-elementor-post-type=\"page\">\n\t\t\t\t\t\t<section class=\"elementor-section elementor-top-section elementor-element elementor-element-347eb1b9 elementor-section-content-middle elementor-section-boxed elementor-section-height-default elementor-section-height-default\" data-id=\"347eb1b9\" data-element_type=\"section\" data-e-type=\"section\" data-settings=\"{&quot;background_background&quot;:&quot;classic&quot;}\">\n\t\t\t\t\t\t<div class=\"elementor-container elementor-column-gap-no\">\n\t\t\t\t\t<div class=\"elementor-column elementor-col-100 elementor-top-column elementor-element elementor-element-3e0a3218\" data-id=\"3e0a3218\" data-element_type=\"column\" data-e-type=\"column\">\n\t\t\t<div class=\"elementor-widget-wrap elementor-element-populated\">\n\t\t\t\t\t\t<div class=\"elementor-element elementor-element-43ea3d3d elementor-widget elementor-widget-heading\" data-id=\"43ea3d3d\" data-element_type=\"widget\" data-e-type=\"widget\" data-widget_type=\"heading.default\">\n\t\t\t\t<div class=\"elementor-widget-container\">\n\t\t\t\t\t<h4 class=\"elementor-heading-title elementor-size-default\">Centro risoluzioni \u2013 Transaxle<\/h4>\t\t\t\t<\/div>\n\t\t\t\t<\/div>\n\t\t\t\t<div class=\"elementor-element elementor-element-29229110 elementor-widget elementor-widget-heading\" data-id=\"29229110\" data-element_type=\"widget\" data-e-type=\"widget\" data-widget_type=\"heading.default\">\n\t\t\t\t<div class=\"elementor-widget-container\">\n\t\t\t\t\t<h5 class=\"elementor-heading-title elementor-size-default\">Benvenuto nella sezione di aiuto del Yo-Yo <\/h5>\t\t\t\t<\/div>\n\t\t\t\t<\/div>\n\t\t\t\t<section class=\"elementor-section elementor-inner-section elementor-element elementor-element-74a72cd7 elementor-section-content-top elementor-section-boxed elementor-section-height-default elementor-section-height-default\" data-id=\"74a72cd7\" data-element_type=\"section\" data-e-type=\"section\">\n\t\t\t\t\t\t<div class=\"elementor-container elementor-column-gap-no\">\n\t\t\t\t\t<div class=\"elementor-column elementor-col-50 elementor-inner-column elementor-element elementor-element-4d0c7a73\" data-id=\"4d0c7a73\" data-element_type=\"column\" data-e-type=\"column\">\n\t\t\t<div class=\"elementor-widget-wrap elementor-element-populated\">\n\t\t\t\t\t\t<div class=\"elementor-element elementor-element-5d18cfbb elementor-widget elementor-widget-heading\" data-id=\"5d18cfbb\" data-element_type=\"widget\" data-e-type=\"widget\" data-widget_type=\"heading.default\">\n\t\t\t\t<div class=\"elementor-widget-container\">\n\t\t\t\t\t<h4 class=\"elementor-heading-title elementor-size-default\">Che cos'\u00e8 un transaxle yo-yo?<\/h4>\t\t\t\t<\/div>\n\t\t\t\t<\/div>\n\t\t\t\t<div class=\"elementor-element elementor-element-40a3859d elementor-widget elementor-widget-text-editor\" data-id=\"40a3859d\" data-element_type=\"widget\" data-e-type=\"widget\" data-widget_type=\"text-editor.default\">\n\t\t\t\t<div class=\"elementor-widget-container\">\n\t\t\t\t\t\t\t\t\t<p>Un transaxle \u00e8 un termine usato per descrivere le parti interne dell&#8217;assale di alcuni Yo-yo. Fondamentalmente, i transaxles sono un manicotto di plastica o una bobina che viene posizionata su un asse in acciaio. La corda viene quindi doppiamente arrotolata attorno alla bobina e il risultato \u00e8 un meccanismo che aumenta la velocit\u00e0 e le prestazioni.<br \/>\nI transaxle sono ottimi yo-yo di livello intermedio o avanzato e sono progettati per giocatori con una certa esperienza con i yo-yo. A differenza dei yo-yo con ritorno automatico come il Brain, i Transaxle yo-yo non torneranno automaticamente. Invece si affidano al giocatore per causare manualmente il ritorno inducendo un movimento del polso o facendo muovere il polso verso l&#8217;alto.<br \/>\nOk, ora che sai come funziona il transaxle yo-yo, vediamo se riusciamo a risolvere la causa del tuo dispiacere. Di seguito sono riportati alcuni problemi comuni riscontrati con questi tipi di yo-yo e con loro alcune soluzioni.<\/p>\n\t\t\t\t\t\t\t\t<\/div>\n\t\t\t\t<\/div>\n\t\t\t\t<div class=\"elementor-element elementor-element-4824307 elementor-widget elementor-widget-heading\" data-id=\"4824307\" data-element_type=\"widget\" data-e-type=\"widget\" data-widget_type=\"heading.default\">\n\t\t\t\t<div class=\"elementor-widget-container\">\n\t\t\t\t\t<h4 class=\"elementor-heading-title elementor-size-default\">Il mio yo-yo non ritorna!<\/h4>\t\t\t\t<\/div>\n\t\t\t\t<\/div>\n\t\t\t\t<div class=\"elementor-element elementor-element-f25d07e elementor-widget elementor-widget-text-editor\" data-id=\"f25d07e\" data-element_type=\"widget\" data-e-type=\"widget\" data-widget_type=\"text-editor.default\">\n\t\t\t\t<div class=\"elementor-widget-container\">\n\t\t\t\t\t\t\t\t\t<p>Non va bene, ma qui ci sono alcuni motivi che potrebbero esserne la causa: dal pi\u00f9 ovvio al pi\u00f9 remoto.<\/p>\n<p>1. Ricorda che il transaxle non \u00e8 uno yo-yo a ritorno automatico, quindi devi dare allo yo-yo abbastanza energia nel lancio per permettergli di tornare. Quindi, se lo stai semplicemente facendo cadere, prova a fare un tiro pi\u00f9 forte prima di provare a farlo tornare.<\/p>\n<p>2. Uno dei motivi principali per cui un transaxle yo-yo non ritorna ha a che fare con la tesatura. Ricordi le istruzioni? In tal caso, ricorderai che i yo-yo del transaxle richiedono il metodo a doppio giro di tesatura. Metodi di sostituzione delle corde.<\/p>\n<p>3. Lubrificante: quando gli yo-yo escono dalla fabbrica hanno una piccola quantit\u00e0 di lubrificante sugli assi. Questo lubrificante consente di avere uno yo-yo pi\u00f9 reattivo. Dopo un uso prolungato, questo lubrificante deve essere reintegrato. Per risolvere questo problema, posiziona una piccola goccia di Brain Lube sull&#8217;asse (devi smontare lo yo-yo per farlo). Se non si dispone di Brain Lube, \u00e8 possibile sostituire con una piccola goccia di olio minerale. Nota: NON utilizzare alcun tipo di olio spray, sono dannosi per lo yo-yo \u00e8 fatto di plastica.<\/p>\n<p>4. Corda sfilacciata o usurata &#8211; a volte il transaxle yo-yo far\u00e0 fatica a tornare se la corda \u00e8 logora e sporca. In questo caso, prova a inserire una nuova corda su di essa, ma ricorda il metodo a doppio giro quando lo fai! <\/p>\n\t\t\t\t\t\t\t\t<\/div>\n\t\t\t\t<\/div>\n\t\t\t\t\t<\/div>\n\t\t<\/div>\n\t\t\t\t<div class=\"elementor-column elementor-col-50 elementor-inner-column elementor-element elementor-element-3df04794\" data-id=\"3df04794\" data-element_type=\"column\" data-e-type=\"column\">\n\t\t\t<div class=\"elementor-widget-wrap elementor-element-populated\">\n\t\t\t\t\t\t<div class=\"elementor-element elementor-element-a0d9831 elementor-widget elementor-widget-heading\" data-id=\"a0d9831\" data-element_type=\"widget\" data-e-type=\"widget\" data-widget_type=\"heading.default\">\n\t\t\t\t<div class=\"elementor-widget-container\">\n\t\t\t\t\t<h4 class=\"elementor-heading-title elementor-size-default\">Il mio yo-yo non si ferma!<\/h4>\t\t\t\t<\/div>\n\t\t\t\t<\/div>\n\t\t\t\t<div class=\"elementor-element elementor-element-573a145a elementor-widget elementor-widget-text-editor\" data-id=\"573a145a\" data-element_type=\"widget\" data-e-type=\"widget\" data-widget_type=\"text-editor.default\">\n\t\t\t\t<div class=\"elementor-widget-container\">\n\t\t\t\t\t\t\t\t\t<p>1. Torna al tiro &#8211; lo yo-yo non torner\u00e0 a meno che non lo lanci abbastanza forte, non si fermer\u00e0 per lo stesso motivo. Ricorda, per far fermare lo yo-yo devi far girare correttamente il transaxle e l&#8217;unico modo per farlo \u00e8 dargli un tiro abbastanza forte verso il basso.<\/p>\n<p>2. Corda &#8211; forse la corda \u00e8 annodata o pizzicata attorno all&#8217;asse. Saprai che \u00e8 cos\u00ec se lo yo-yo torna rapidamente alla tua mano. In tal caso, smonta lo yo-yo, rimuovi la corda o il nodo, rimetti insieme lo yo-yo e poi restringilo usando il metodo a doppio giro.  <\/p>\n\t\t\t\t\t\t\t\t<\/div>\n\t\t\t\t<\/div>\n\t\t\t\t<div class=\"elementor-element elementor-element-225d1d2a elementor-widget elementor-widget-heading\" data-id=\"225d1d2a\" data-element_type=\"widget\" data-e-type=\"widget\" data-widget_type=\"heading.default\">\n\t\t\t\t<div class=\"elementor-widget-container\">\n\t\t\t\t\t<h4 class=\"elementor-heading-title elementor-size-default\">Il mio yo-yo emette rumori forti!<\/h4>\t\t\t\t<\/div>\n\t\t\t\t<\/div>\n\t\t\t\t<div class=\"elementor-element elementor-element-373fcee9 elementor-widget elementor-widget-text-editor\" data-id=\"373fcee9\" data-element_type=\"widget\" data-e-type=\"widget\" data-widget_type=\"text-editor.default\">\n\t\t\t\t<div class=\"elementor-widget-container\">\n\t\t\t\t\t\t\t\t\t<p>Ci\u00f2 \u00e8 quasi sempre dovuto a un problema di lubrificante. Per correggerlo, basta mettere una goccia di Brain Lube sull&#8217;asse &#8211; e ciao, ciao rumore!<\/p>\n\t\t\t\t\t\t\t\t<\/div>\n\t\t\t\t<\/div>\n\t\t\t\t<div class=\"elementor-element elementor-element-bdd4249 elementor-widget elementor-widget-heading\" data-id=\"bdd4249\" data-element_type=\"widget\" data-e-type=\"widget\" data-widget_type=\"heading.default\">\n\t\t\t\t<div class=\"elementor-widget-container\">\n\t\t\t\t\t<h4 class=\"elementor-heading-title elementor-size-default\">Ho perso un pezzo!<\/h4>\t\t\t\t<\/div>\n\t\t\t\t<\/div>\n\t\t\t\t<div class=\"elementor-element elementor-element-4e89ca52 elementor-widget elementor-widget-text-editor\" data-id=\"4e89ca52\" data-element_type=\"widget\" data-e-type=\"widget\" data-widget_type=\"text-editor.default\">\n\t\t\t\t<div class=\"elementor-widget-container\">\n\t\t\t\t\t\t\t\t\t<p>Molti pezzi sono disponibili nel nostro negozio online. In caso contrario, chiamaci al numero 1-800-338-8796 e lo troveremo per te.<\/p>\n\t\t\t\t\t\t\t\t<\/div>\n\t\t\t\t<\/div>\n\t\t\t\t\t<\/div>\n\t\t<\/div>\n\t\t\t\t\t<\/div>\n\t\t<\/section>\n\t\t\t\t\t<\/div>\n\t\t<\/div>\n\t\t\t\t\t<\/div>\n\t\t<\/section>\n\t\t\t\t<\/div>\n\t\t","protected":false},"excerpt":{"rendered":"<p>Centro risoluzioni \u2013 Transaxle Benvenuto nella sezione di aiuto del Yo-Yo Che cos&#8217;\u00e8 un transaxle yo-yo? Un transaxle \u00e8 un termine usato per descrivere le parti interne dell&#8217;assale di alcuni Yo-yo. Fondamentalmente, i transaxles sono un manicotto di plastica o una bobina che viene posizionata su un asse in acciaio. La corda viene quindi doppiamente [&hellip;]<\/p>\n","protected":false},"author":13,"featured_media":0,"parent":0,"menu_order":0,"comment_status":"open","ping_status":"open","template":"elementor_header_footer","meta":{"footnotes":""},"class_list":["post-12278","page","type-page","status-publish","hentry"],"_links":{"self":[{"href":"https:\/\/yomega.com\/it\/wp-json\/wp\/v2\/pages\/12278","targetHints":{"allow":["GET"]}}],"collection":[{"href":"https:\/\/yomega.com\/it\/wp-json\/wp\/v2\/pages"}],"about":[{"href":"https:\/\/yomega.com\/it\/wp-json\/wp\/v2\/types\/page"}],"author":[{"embeddable":true,"href":"https:\/\/yomega.com\/it\/wp-json\/wp\/v2\/users\/13"}],"replies":[{"embeddable":true,"href":"https:\/\/yomega.com\/it\/wp-json\/wp\/v2\/comments?post=12278"}],"version-history":[{"count":3,"href":"https:\/\/yomega.com\/it\/wp-json\/wp\/v2\/pages\/12278\/revisions"}],"predecessor-version":[{"id":12392,"href":"https:\/\/yomega.com\/it\/wp-json\/wp\/v2\/pages\/12278\/revisions\/12392"}],"wp:attachment":[{"href":"https:\/\/yomega.com\/it\/wp-json\/wp\/v2\/media?parent=12278"}],"curies":[{"name":"wp","href":"https:\/\/api.w.org\/{rel}","templated":true}]}}