{"id":12282,"date":"2020-03-28T08:38:08","date_gmt":"2020-03-28T12:38:08","guid":{"rendered":"https:\/\/yomega.com\/rookie-yo-yo-help-auto-return\/"},"modified":"2020-03-28T09:34:47","modified_gmt":"2020-03-28T13:34:47","slug":"rookie-yo-yo-help-auto-return","status":"publish","type":"page","link":"https:\/\/yomega.com\/it\/rookie-yo-yo-help-auto-return\/","title":{"rendered":"Rookie Yo-Yo Help (Auto Return)"},"content":{"rendered":"\t\t<div data-elementor-type=\"wp-post\" data-elementor-id=\"12282\" class=\"elementor elementor-12282 elementor-399\" data-elementor-post-type=\"page\">\n\t\t\t\t\t\t<section class=\"elementor-section elementor-top-section elementor-element elementor-element-648a2467 elementor-section-content-middle elementor-section-boxed elementor-section-height-default elementor-section-height-default\" data-id=\"648a2467\" data-element_type=\"section\" data-e-type=\"section\" data-settings=\"{&quot;background_background&quot;:&quot;classic&quot;}\">\n\t\t\t\t\t\t<div class=\"elementor-container elementor-column-gap-no\">\n\t\t\t\t\t<div class=\"elementor-column elementor-col-100 elementor-top-column elementor-element elementor-element-429d5dfe\" data-id=\"429d5dfe\" data-element_type=\"column\" data-e-type=\"column\">\n\t\t\t<div class=\"elementor-widget-wrap elementor-element-populated\">\n\t\t\t\t\t\t<div class=\"elementor-element elementor-element-791199da elementor-widget elementor-widget-heading\" data-id=\"791199da\" data-element_type=\"widget\" data-e-type=\"widget\" data-widget_type=\"heading.default\">\n\t\t\t\t<div class=\"elementor-widget-container\">\n\t\t\t\t\t<h4 class=\"elementor-heading-title elementor-size-default\">Centro risoluzioni - Ritorno automatico<\/h4>\t\t\t\t<\/div>\n\t\t\t\t<\/div>\n\t\t\t\t<section class=\"elementor-section elementor-inner-section elementor-element elementor-element-3b663e6 elementor-section-content-top elementor-section-boxed elementor-section-height-default elementor-section-height-default\" data-id=\"3b663e6\" data-element_type=\"section\" data-e-type=\"section\">\n\t\t\t\t\t\t<div class=\"elementor-container elementor-column-gap-no\">\n\t\t\t\t\t<div class=\"elementor-column elementor-col-50 elementor-inner-column elementor-element elementor-element-25e2c0dc\" data-id=\"25e2c0dc\" data-element_type=\"column\" data-e-type=\"column\">\n\t\t\t<div class=\"elementor-widget-wrap elementor-element-populated\">\n\t\t\t\t\t\t<div class=\"elementor-element elementor-element-29134581 elementor-widget elementor-widget-heading\" data-id=\"29134581\" data-element_type=\"widget\" data-e-type=\"widget\" data-widget_type=\"heading.default\">\n\t\t\t\t<div class=\"elementor-widget-container\">\n\t\t\t\t\t<h4 class=\"elementor-heading-title elementor-size-default\">Descrizione di ci\u00f2 che fa un Yo-Yo \"Brain\":<\/h4>\t\t\t\t<\/div>\n\t\t\t\t<\/div>\n\t\t\t\t<div class=\"elementor-element elementor-element-37fa4c25 elementor-widget elementor-widget-text-editor\" data-id=\"37fa4c25\" data-element_type=\"widget\" data-e-type=\"widget\" data-widget_type=\"text-editor.default\">\n\t\t\t\t<div class=\"elementor-widget-container\">\n\t\t\t\t\t\t\t\t\t<p>I yo-yo Rookie con ritorno automatico sono tutti yo-yo con frizione centrifuga e con bobine interne con o-ring in gomma. L&#8217;o-ring si attacca a una scanalatura sulla bobina e scatta nella met\u00e0 dello yo-yo con il meccanismo della frizione. Funziona cos\u00ec. Quando un Rookie yo-yo viene lanciato abbastanza forte, il meccanismo della frizione spinge verso l&#8217;esterno e consente alla bobina interna di girare liberamente. Quando ci\u00f2 accade, lo yo-yo gira o &#8220;si ferma&#8221; nella parte inferiore della corda, cio\u00e8 fino a quando lo yo-yo non rallenta e i bracci della frizione afferrando l&#8217;O-ring e fanno s\u00ec che lo yo-yo ritorni automaticamente alla mano del giocatore. Ovviamente, puoi sempre scavalcare il sistema di ritorno automatico con un rapido movimento del polso: questo far\u00e0 tornare lo yo-yo a comando.<br \/>\nOk, ora che sai come funziona lo yo-yo, vediamo se possiamo risolvere la causa del tuo dispiacere. Di seguito sono riportati alcuni problemi comuni riscontrati con yo-yo con ritorno automatico e con essi alcune soluzioni.<br \/>\nFatti rapidi: gli yo-yo con ritorno automatico sono modulari, il che significa che si svitano per una facile manutenzione.<\/p>\n\t\t\t\t\t\t\t\t<\/div>\n\t\t\t\t<\/div>\n\t\t\t\t<div class=\"elementor-element elementor-element-a924f9d elementor-widget elementor-widget-heading\" data-id=\"a924f9d\" data-element_type=\"widget\" data-e-type=\"widget\" data-widget_type=\"heading.default\">\n\t\t\t\t<div class=\"elementor-widget-container\">\n\t\t\t\t\t<h4 class=\"elementor-heading-title elementor-size-default\">Il mio yo-yo non si ferma!<\/h4>\t\t\t\t<\/div>\n\t\t\t\t<\/div>\n\t\t\t\t<div class=\"elementor-element elementor-element-73d2a90c elementor-widget elementor-widget-text-editor\" data-id=\"73d2a90c\" data-element_type=\"widget\" data-e-type=\"widget\" data-widget_type=\"text-editor.default\">\n\t\t\t\t<div class=\"elementor-widget-container\">\n\t\t\t\t\t\t\t\t\t<p>1. Torna al tiro &#8211; lo yo-yo non torner\u00e0 a meno che non lo lanci abbastanza forte, non si fermer\u00e0 per lo stesso motivo. Ricorda, per far fermare lo yo-yo devi fare aprire la frizione centrifuga e l&#8217;unico modo per farlo \u00e8 dargli un tiro abbastanza forte verso il basso.<\/p>\n<p>2. Corda &#8211; forse la corda \u00e8 annodata o pizzicata attorno all&#8217;asse. Saprai che \u00e8 cos\u00ec se lo yo-yo torna rapidamente alla tua mano. In tal caso, smonta lo yo-yo, rimuovi la corda, rimetti insieme lo yo-yo e poi restringilo usando il metodo a doppio giro.  <\/p>\n\t\t\t\t\t\t\t\t<\/div>\n\t\t\t\t<\/div>\n\t\t\t\t<div class=\"elementor-element elementor-element-14cda1e elementor-widget elementor-widget-heading\" data-id=\"14cda1e\" data-element_type=\"widget\" data-e-type=\"widget\" data-widget_type=\"heading.default\">\n\t\t\t\t<div class=\"elementor-widget-container\">\n\t\t\t\t\t<h4 class=\"elementor-heading-title elementor-size-default\">Il mio yo-yo emette rumori forti!<\/h4>\t\t\t\t<\/div>\n\t\t\t\t<\/div>\n\t\t\t\t<div class=\"elementor-element elementor-element-d5fa587 elementor-widget elementor-widget-text-editor\" data-id=\"d5fa587\" data-element_type=\"widget\" data-e-type=\"widget\" data-widget_type=\"text-editor.default\">\n\t\t\t\t<div class=\"elementor-widget-container\">\n\t\t\t\t\t\t\t\t\t<p>Ci\u00f2 \u00e8 quasi sempre dovuto a un problema di lubrificante. Per correggerlo, basta mettere una goccia di Brain Lube sull&#8217;asse &#8211; e ciao, ciao rumore!  <\/p>\n\t\t\t\t\t\t\t\t<\/div>\n\t\t\t\t<\/div>\n\t\t\t\t\t<\/div>\n\t\t<\/div>\n\t\t\t\t<div class=\"elementor-column elementor-col-50 elementor-inner-column elementor-element elementor-element-4a74acaf\" data-id=\"4a74acaf\" data-element_type=\"column\" data-e-type=\"column\">\n\t\t\t<div class=\"elementor-widget-wrap elementor-element-populated\">\n\t\t\t\t\t\t<div class=\"elementor-element elementor-element-61b406f elementor-widget elementor-widget-heading\" data-id=\"61b406f\" data-element_type=\"widget\" data-e-type=\"widget\" data-widget_type=\"heading.default\">\n\t\t\t\t<div class=\"elementor-widget-container\">\n\t\t\t\t\t<h4 class=\"elementor-heading-title elementor-size-default\">Il mio yo-yo non ritorna!<\/h4>\t\t\t\t<\/div>\n\t\t\t\t<\/div>\n\t\t\t\t<div class=\"elementor-element elementor-element-1d89bf28 elementor-widget elementor-widget-text-editor\" data-id=\"1d89bf28\" data-element_type=\"widget\" data-e-type=\"widget\" data-widget_type=\"text-editor.default\">\n\t\t\t\t<div class=\"elementor-widget-container\">\n\t\t\t\t\t\t\t\t\t<p>Non va bene, ma qui ci sono alcuni motivi che potrebbero esserne la causa: dal pi\u00f9 ovvio al pi\u00f9 remoto.<br \/>\n1. Anche se lo yo-yo \u00e8 uno yo-yo a ritorno automatico, devi comunque dare allo yo-yo abbastanza energia nel lancio per permettergli di ritornare. Quindi, se lo stai semplicemente facendo cadere, prova a fare un tiro pi\u00f9 forte prima di provare a farlo ritornare. Ricorda, deve girare per rilasciare la frizione prima che possa tornare.<br \/>\n2. Uno dei motivi principali per cui un yo-yo con ritorno automatico non ritorna ha a che fare con la tesatura. Ricordi le istruzioni? In tal caso, ricorderai che i yo-yo Brain richiedono il metodo a doppio giro di tesatura. Metodo di sostituzione corde<br \/>\n3.Lubrificante: quando gli yo-yo escono dalla fabbrica hanno una piccola quantit\u00e0 di lubrificante sugli assi. Questo lubrificante consente di avere uno yo-yo pi\u00f9 reattivo. Dopo un uso prolungato, questo lubrificante deve essere reintegrato. Per risolvere questo problema, svita lo yo-yo posiziona una piccola goccia di Brain Lube sull&#8217;asse (devi smontare lo yo-yo per farlo). Se non si dispone di Brain Lube, \u00e8 possibile sostituire con una piccola goccia di olio minerale. Nota: NON utilizzare alcun tipo di olio spray, sono dannosi per lo yo-yo \u00e8 fatto di plastica.<br \/>\n4. Corda sfilacciata o usurata &#8211; a volte il ritorno automatico degli yo-yo far\u00e0 fatica a ritornare se la corda \u00e8 consumata o sporca. In questo caso, prova a inserire una nuova corda su di essa, ma ricorda il metodo a doppio giro quando lo fai!<\/p>\n<p>5. O ring mancante &#8211; sciocco ma vero. Alcuni giocatori di yo-yo dimenticano di rimettere l&#8217;O-ring di gomma sulla bobina di plastica prima di rimetterli insieme. Senza quell&#8217;o-ring di gomma, il sistema di ritorno automatico \u00e8 disattivato.<\/p>\n\t\t\t\t\t\t\t\t<\/div>\n\t\t\t\t<\/div>\n\t\t\t\t<div class=\"elementor-element elementor-element-30e78811 elementor-widget elementor-widget-heading\" data-id=\"30e78811\" data-element_type=\"widget\" data-e-type=\"widget\" data-widget_type=\"heading.default\">\n\t\t\t\t<div class=\"elementor-widget-container\">\n\t\t\t\t\t<h4 class=\"elementor-heading-title elementor-size-default\">Il mio yo-yo torna nella mia mano molto forte e veloce!<\/h4>\t\t\t\t<\/div>\n\t\t\t\t<\/div>\n\t\t\t\t<div class=\"elementor-element elementor-element-2ade306c elementor-widget elementor-widget-text-editor\" data-id=\"2ade306c\" data-element_type=\"widget\" data-e-type=\"widget\" data-widget_type=\"text-editor.default\">\n\t\t\t\t<div class=\"elementor-widget-container\">\n\t\t\t\t\t\t\t\t\t<p>La tua corda \u00e8 pizzicata o c&#8217;\u00e8 un nodo sulla bobina: prendi la corda yo-yo e restringila.  <\/p>\n\t\t\t\t\t\t\t\t<\/div>\n\t\t\t\t<\/div>\n\t\t\t\t\t<\/div>\n\t\t<\/div>\n\t\t\t\t\t<\/div>\n\t\t<\/section>\n\t\t\t\t<section class=\"elementor-section elementor-inner-section elementor-element elementor-element-539084d5 elementor-section-content-top elementor-section-boxed elementor-section-height-default elementor-section-height-default\" data-id=\"539084d5\" data-element_type=\"section\" data-e-type=\"section\">\n\t\t\t\t\t\t<div class=\"elementor-container elementor-column-gap-no\">\n\t\t\t\t\t<div class=\"elementor-column elementor-col-50 elementor-inner-column elementor-element elementor-element-a0a236a\" data-id=\"a0a236a\" data-element_type=\"column\" data-e-type=\"column\">\n\t\t\t<div class=\"elementor-widget-wrap elementor-element-populated\">\n\t\t\t\t\t\t<div class=\"elementor-element elementor-element-16e44000 elementor-widget elementor-widget-heading\" data-id=\"16e44000\" data-element_type=\"widget\" data-e-type=\"widget\" data-widget_type=\"heading.default\">\n\t\t\t\t<div class=\"elementor-widget-container\">\n\t\t\t\t\t<h4 class=\"elementor-heading-title elementor-size-default\">Ho perso un pezzo!<\/h4>\t\t\t\t<\/div>\n\t\t\t\t<\/div>\n\t\t\t\t<div class=\"elementor-element elementor-element-6d50a213 elementor-widget elementor-widget-text-editor\" data-id=\"6d50a213\" data-element_type=\"widget\" data-e-type=\"widget\" data-widget_type=\"text-editor.default\">\n\t\t\t\t<div class=\"elementor-widget-container\">\n\t\t\t\t\t\t\t\t\t<p>Molti pezzi sono disponibili nel nostro negozio online. In caso contrario, chiamaci al numero 1-800-338-8796 e lo troveremo per te.  <\/p>\n\t\t\t\t\t\t\t\t<\/div>\n\t\t\t\t<\/div>\n\t\t\t\t\t<\/div>\n\t\t<\/div>\n\t\t\t\t<div class=\"elementor-column elementor-col-50 elementor-inner-column elementor-element elementor-element-53884a0e\" data-id=\"53884a0e\" data-element_type=\"column\" data-e-type=\"column\">\n\t\t\t<div class=\"elementor-widget-wrap\">\n\t\t\t\t\t\t\t<\/div>\n\t\t<\/div>\n\t\t\t\t\t<\/div>\n\t\t<\/section>\n\t\t\t\t\t<\/div>\n\t\t<\/div>\n\t\t\t\t\t<\/div>\n\t\t<\/section>\n\t\t\t\t<\/div>\n\t\t","protected":false},"excerpt":{"rendered":"<p>Centro risoluzioni &#8211; Ritorno automatico Descrizione di ci\u00f2 che fa un Yo-Yo &#8220;Brain&#8221;: I yo-yo Rookie con ritorno automatico sono tutti yo-yo con frizione centrifuga e con bobine interne con o-ring in gomma. L&#8217;o-ring si attacca a una scanalatura sulla bobina e scatta nella met\u00e0 dello yo-yo con il meccanismo della frizione. Funziona cos\u00ec. Quando [&hellip;]<\/p>\n","protected":false},"author":13,"featured_media":0,"parent":0,"menu_order":0,"comment_status":"open","ping_status":"open","template":"elementor_header_footer","meta":{"footnotes":""},"class_list":["post-12282","page","type-page","status-publish","hentry"],"_links":{"self":[{"href":"https:\/\/yomega.com\/it\/wp-json\/wp\/v2\/pages\/12282","targetHints":{"allow":["GET"]}}],"collection":[{"href":"https:\/\/yomega.com\/it\/wp-json\/wp\/v2\/pages"}],"about":[{"href":"https:\/\/yomega.com\/it\/wp-json\/wp\/v2\/types\/page"}],"author":[{"embeddable":true,"href":"https:\/\/yomega.com\/it\/wp-json\/wp\/v2\/users\/13"}],"replies":[{"embeddable":true,"href":"https:\/\/yomega.com\/it\/wp-json\/wp\/v2\/comments?post=12282"}],"version-history":[{"count":4,"href":"https:\/\/yomega.com\/it\/wp-json\/wp\/v2\/pages\/12282\/revisions"}],"predecessor-version":[{"id":12390,"href":"https:\/\/yomega.com\/it\/wp-json\/wp\/v2\/pages\/12282\/revisions\/12390"}],"wp:attachment":[{"href":"https:\/\/yomega.com\/it\/wp-json\/wp\/v2\/media?parent=12282"}],"curies":[{"name":"wp","href":"https:\/\/api.w.org\/{rel}","templated":true}]}}