{"id":12288,"date":"2020-03-28T08:40:01","date_gmt":"2020-03-28T12:40:01","guid":{"rendered":"https:\/\/yomega.com\/yomega-skill-toys\/"},"modified":"2020-03-28T09:24:26","modified_gmt":"2020-03-28T13:24:26","slug":"yomega-skill-toys","status":"publish","type":"page","link":"https:\/\/yomega.com\/it\/yomega-skill-toys\/","title":{"rendered":"Yomega Giocattoli di abilit\u00e0"},"content":{"rendered":"\t\t<div data-elementor-type=\"wp-post\" data-elementor-id=\"12288\" class=\"elementor elementor-12288 elementor-10356\" data-elementor-post-type=\"page\">\n\t\t\t\t\t\t<section class=\"elementor-section elementor-top-section elementor-element elementor-element-3c7057ed elementor-section-content-middle elementor-section-boxed elementor-section-height-default elementor-section-height-default\" data-id=\"3c7057ed\" data-element_type=\"section\" data-e-type=\"section\">\n\t\t\t\t\t\t<div class=\"elementor-container elementor-column-gap-no\">\n\t\t\t\t\t<div class=\"elementor-column elementor-col-100 elementor-top-column elementor-element elementor-element-51b2c767\" data-id=\"51b2c767\" data-element_type=\"column\" data-e-type=\"column\">\n\t\t\t<div class=\"elementor-widget-wrap elementor-element-populated\">\n\t\t\t\t\t\t<div class=\"elementor-element elementor-element-5192bfaa elementor-widget elementor-widget-heading\" data-id=\"5192bfaa\" data-element_type=\"widget\" data-e-type=\"widget\" data-widget_type=\"heading.default\">\n\t\t\t\t<div class=\"elementor-widget-container\">\n\t\t\t\t\t<h1 class=\"elementor-heading-title elementor-size-default\">Yomega Giocattoli di abilit\u00e0<\/h1>\t\t\t\t<\/div>\n\t\t\t\t<\/div>\n\t\t\t\t<section class=\"elementor-section elementor-inner-section elementor-element elementor-element-43398c9e elementor-section-content-middle elementor-section-boxed elementor-section-height-default elementor-section-height-default\" data-id=\"43398c9e\" data-element_type=\"section\" data-e-type=\"section\">\n\t\t\t\t\t\t<div class=\"elementor-container elementor-column-gap-no\">\n\t\t\t\t\t<div class=\"elementor-column elementor-col-50 elementor-inner-column elementor-element elementor-element-59e6b4aa\" data-id=\"59e6b4aa\" data-element_type=\"column\" data-e-type=\"column\" data-settings=\"{&quot;background_background&quot;:&quot;classic&quot;}\">\n\t\t\t<div class=\"elementor-widget-wrap elementor-element-populated\">\n\t\t\t\t\t\t<div class=\"elementor-element elementor-element-1a9afd1f elementor-position-top elementor-widget elementor-widget-image-box\" data-id=\"1a9afd1f\" data-element_type=\"widget\" data-e-type=\"widget\" data-widget_type=\"image-box.default\">\n\t\t\t\t<div class=\"elementor-widget-container\">\n\t\t\t\t\t<div class=\"elementor-image-box-wrapper\"><figure class=\"elementor-image-box-img\"><a href=\"\/?p=127\" tabindex=\"-1\"><img fetchpriority=\"high\" decoding=\"async\" width=\"653\" height=\"600\" src=\"https:\/\/yomega.com\/wp-content\/uploads\/2014\/10\/group_angle-L.jpg\" class=\"elementor-animation-grow attachment-full size-full wp-image-12142\" alt=\"Plastic Yomega Kendama Collection\" srcset=\"https:\/\/yomega.com\/wp-content\/uploads\/2014\/10\/group_angle-L.jpg 653w, https:\/\/yomega.com\/wp-content\/uploads\/2014\/10\/group_angle-L-300x275.jpg 300w\" sizes=\"(max-width: 653px) 100vw, 653px\" \/><\/a><\/figure><div class=\"elementor-image-box-content\"><h3 class=\"elementor-image-box-title\"><a href=\"\/?p=127\">Kandema<\/a><\/h3><p class=\"elementor-image-box-description\">Il Kendama di Yomega \u00e8 un gioco giapponese tradizionale facile da giocare ma difficile da padroneggiare. L'obiettivo di base di Kendama \u00e8 quello di afferrare la palla su ciascuna delle superfici a coppa dell'impugnatura a martello. La palla kendama ha un buco al suo interno, che consente ai giocatori esperti di prenderla sul picco. Oltre a queste manovre di base, ci sono numerosi altri trucchi che i giocatori possono eseguire, ognuno dei quali richiede un'ottima coordinazione occhio-mano.<\/p><\/div><\/div>\t\t\t\t<\/div>\n\t\t\t\t<\/div>\n\t\t\t\t<div class=\"elementor-element elementor-element-ea75669 elementor-align-center elementor-widget elementor-widget-button\" data-id=\"ea75669\" data-element_type=\"widget\" data-e-type=\"widget\" data-widget_type=\"button.default\">\n\t\t\t\t<div class=\"elementor-widget-container\">\n\t\t\t\t\t\t\t\t\t<div class=\"elementor-button-wrapper\">\n\t\t\t\t\t<a class=\"elementor-button elementor-button-link elementor-size-sm\" href=\"https:\/\/www.amazon.com\/Yomega-Kendama-Traditional-Japanese-plastic\/dp\/B000P1GQVG?ref_=ast_sto_dp\">\n\t\t\t\t\t\t<span class=\"elementor-button-content-wrapper\">\n\t\t\t\t\t\t\t\t\t<span class=\"elementor-button-text\">Check the collection out HERE!<\/span>\n\t\t\t\t\t<\/span>\n\t\t\t\t\t<\/a>\n\t\t\t\t<\/div>\n\t\t\t\t\t\t\t\t<\/div>\n\t\t\t\t<\/div>\n\t\t\t\t\t<\/div>\n\t\t<\/div>\n\t\t\t\t<div class=\"elementor-column elementor-col-50 elementor-inner-column elementor-element elementor-element-59db0de\" data-id=\"59db0de\" data-element_type=\"column\" data-e-type=\"column\" data-settings=\"{&quot;background_background&quot;:&quot;classic&quot;}\">\n\t\t\t<div class=\"elementor-widget-wrap elementor-element-populated\">\n\t\t\t\t\t\t<div class=\"elementor-element elementor-element-78de120 elementor-position-top elementor-widget elementor-widget-image-box\" data-id=\"78de120\" data-element_type=\"widget\" data-e-type=\"widget\" data-widget_type=\"image-box.default\">\n\t\t\t\t<div class=\"elementor-widget-container\">\n\t\t\t\t\t<div class=\"elementor-image-box-wrapper\"><figure class=\"elementor-image-box-img\"><a href=\"\/?page_id=10360\" tabindex=\"-1\"><img decoding=\"async\" width=\"500\" height=\"459\" src=\"https:\/\/yomega.com\/wp-content\/uploads\/2013\/09\/group1-e1571396925914.jpg\" class=\"elementor-animation-grow attachment-full size-full wp-image-12145\" alt=\"\" \/><\/a><\/figure><div class=\"elementor-image-box-content\"><h3 class=\"elementor-image-box-title\"><a href=\"\/?page_id=10360\">Kandema Pro<\/a><\/h3><p class=\"elementor-image-box-description\">Kendama di  Yomega Kendama Pro \u00e8 un modello professionale basato sul nostro popolare gioco Kendama. Questo pezzo \u00e8 realizzato in legno, per una migliore presa e una sensazione di alta qualit\u00e0. Prendi la palla  da competizione kendama sulle coppe di varie dimensioni, quindi vai per la punta, facendo arrivare la palla sulla punta appuntita. Un gioco facile da imparare ma difficile da padroneggiare, garantendo ore di gioco concentrato.<\/p><\/div><\/div>\t\t\t\t<\/div>\n\t\t\t\t<\/div>\n\t\t\t\t<div class=\"elementor-element elementor-element-7c24a4b elementor-align-center elementor-widget elementor-widget-button\" data-id=\"7c24a4b\" data-element_type=\"widget\" data-e-type=\"widget\" data-widget_type=\"button.default\">\n\t\t\t\t<div class=\"elementor-widget-container\">\n\t\t\t\t\t\t\t\t\t<div class=\"elementor-button-wrapper\">\n\t\t\t\t\t<a class=\"elementor-button elementor-button-link elementor-size-sm\" href=\"\/?page_id=10360\">\n\t\t\t\t\t\t<span class=\"elementor-button-content-wrapper\">\n\t\t\t\t\t\t\t\t\t<span class=\"elementor-button-text\">Check the collection out HERE!<\/span>\n\t\t\t\t\t<\/span>\n\t\t\t\t\t<\/a>\n\t\t\t\t<\/div>\n\t\t\t\t\t\t\t\t<\/div>\n\t\t\t\t<\/div>\n\t\t\t\t\t<\/div>\n\t\t<\/div>\n\t\t\t\t\t<\/div>\n\t\t<\/section>\n\t\t\t\t\t<\/div>\n\t\t<\/div>\n\t\t\t\t\t<\/div>\n\t\t<\/section>\n\t\t\t\t<\/div>\n\t\t","protected":false},"excerpt":{"rendered":"<p>Yomega Giocattoli di abilit\u00e0 Kandema Il Kendama di Yomega \u00e8 un gioco giapponese tradizionale facile da giocare ma difficile da padroneggiare. L&#8217;obiettivo di base di Kendama \u00e8 quello di afferrare la palla su ciascuna delle superfici a coppa dell&#8217;impugnatura a martello. La palla kendama ha un buco al suo interno, che consente ai giocatori esperti [&hellip;]<\/p>\n","protected":false},"author":13,"featured_media":0,"parent":0,"menu_order":0,"comment_status":"closed","ping_status":"closed","template":"elementor_header_footer","meta":{"footnotes":""},"class_list":["post-12288","page","type-page","status-publish","hentry"],"_links":{"self":[{"href":"https:\/\/yomega.com\/it\/wp-json\/wp\/v2\/pages\/12288","targetHints":{"allow":["GET"]}}],"collection":[{"href":"https:\/\/yomega.com\/it\/wp-json\/wp\/v2\/pages"}],"about":[{"href":"https:\/\/yomega.com\/it\/wp-json\/wp\/v2\/types\/page"}],"author":[{"embeddable":true,"href":"https:\/\/yomega.com\/it\/wp-json\/wp\/v2\/users\/13"}],"replies":[{"embeddable":true,"href":"https:\/\/yomega.com\/it\/wp-json\/wp\/v2\/comments?post=12288"}],"version-history":[{"count":3,"href":"https:\/\/yomega.com\/it\/wp-json\/wp\/v2\/pages\/12288\/revisions"}],"predecessor-version":[{"id":12383,"href":"https:\/\/yomega.com\/it\/wp-json\/wp\/v2\/pages\/12288\/revisions\/12383"}],"wp:attachment":[{"href":"https:\/\/yomega.com\/it\/wp-json\/wp\/v2\/media?parent=12288"}],"curies":[{"name":"wp","href":"https:\/\/api.w.org\/{rel}","templated":true}]}}